{"id":82988,"date":"2025-09-25T18:42:49","date_gmt":"2025-09-25T18:42:49","guid":{"rendered":"https:\/\/casafreitas.pt\/loja\/produto\/chave-reversivel-6x70mm-ph-2x70mm-427411\/"},"modified":"2025-10-24T00:50:25","modified_gmt":"2025-10-24T00:50:25","slug":"chave-reversivel-6x70mm-ph-2x70mm-427411","status":"publish","type":"product","link":"https:\/\/casafreitas.pt\/loja\/produto\/chave-reversivel-6x70mm-ph-2x70mm-427411\/","title":{"rendered":"Chave revers\u00edvel 6x70mm\/ph-2x70mm 427411"},"content":{"rendered":"","protected":false},"excerpt":{"rendered":"<p>Chave revers\u00edvel 6x70mm\/ph-2x70mm 427411. para parafusos de fendas e philips. cabo de pl\u00e1stico resistente a impactos. a\u00e7o de alta qualidade. a superf\u00edcie niquelada protege contra a corros\u00e3o<\/p>\n","protected":false},"featured_media":82987,"comment_status":"open","ping_status":"closed","template":"","meta":[],"product_brand":[],"product_cat":[14011,11488],"product_tag":[],"class_list":{"0":"post-82988","1":"product","2":"type-product","3":"status-publish","4":"has-post-thumbnail","6":"product_cat-chave-de-fenda-com-pontas-intercambiaveis","7":"product_cat-ferramentas","9":"first","10":"instock","11":"taxable","12":"shipping-taxable","13":"purchasable","14":"product-type-simple"},"_links":{"self":[{"href":"https:\/\/casafreitas.pt\/loja\/wp-json\/wp\/v2\/product\/82988","targetHints":{"allow":["GET"]}}],"collection":[{"href":"https:\/\/casafreitas.pt\/loja\/wp-json\/wp\/v2\/product"}],"about":[{"href":"https:\/\/casafreitas.pt\/loja\/wp-json\/wp\/v2\/types\/product"}],"replies":[{"embeddable":true,"href":"https:\/\/casafreitas.pt\/loja\/wp-json\/wp\/v2\/comments?post=82988"}],"version-history":[{"count":1,"href":"https:\/\/casafreitas.pt\/loja\/wp-json\/wp\/v2\/product\/82988\/revisions"}],"predecessor-version":[{"id":82989,"href":"https:\/\/casafreitas.pt\/loja\/wp-json\/wp\/v2\/product\/82988\/revisions\/82989"}],"wp:featuredmedia":[{"embeddable":true,"href":"https:\/\/casafreitas.pt\/loja\/wp-json\/wp\/v2\/media\/82987"}],"wp:attachment":[{"href":"https:\/\/casafreitas.pt\/loja\/wp-json\/wp\/v2\/media?parent=82988"}],"wp:term":[{"taxonomy":"product_brand","embeddable":true,"href":"https:\/\/casafreitas.pt\/loja\/wp-json\/wp\/v2\/product_brand?post=82988"},{"taxonomy":"product_cat","embeddable":true,"href":"https:\/\/casafreitas.pt\/loja\/wp-json\/wp\/v2\/product_cat?post=82988"},{"taxonomy":"product_tag","embeddable":true,"href":"https:\/\/casafreitas.pt\/loja\/wp-json\/wp\/v2\/product_tag?post=82988"}],"curies":[{"name":"wp","href":"https:\/\/api.w.org\/{rel}","templated":true}]}}