{"id":82979,"date":"2025-09-25T18:42:15","date_gmt":"2025-09-25T18:42:15","guid":{"rendered":"https:\/\/casafreitas.pt\/loja\/produto\/chave-boca-torx-t-15-cabo-bimaterial-4x100mm-414-15-100\/"},"modified":"2025-10-24T00:50:25","modified_gmt":"2025-10-24T00:50:25","slug":"chave-boca-torx-t-15-cabo-bimaterial-4x100mm-414-15-100","status":"publish","type":"product","link":"https:\/\/casafreitas.pt\/loja\/produto\/chave-boca-torx-t-15-cabo-bimaterial-4x100mm-414-15-100\/","title":{"rendered":"Chave boca torx\u00ae t-15 cabo bimaterial 4x100mm 414-15-100"},"content":{"rendered":"","protected":false},"excerpt":{"rendered":"<p>Chave boca torx\u00ae t-15 cabo bimaterial 4x100mm 414-15-100. para parafusos de cabe\u00e7a torx\u00ae. ponta pavonada para proporcionar a m\u00e1xima precis\u00e3o. para uso intensivo. cabo bicomponentes para um agarre confort\u00e1vel e uma grande transfer\u00eancia de par. a forma do cabo impede que a ferramenta rode. com or\u00edficio para pendurar. vara de aleana\u00e7\u00e3o de a\u00e7o de alto rendimento, cromado e totalmente temperado. chave com o tamanho e n\u00famero de serie marcado de forma permanente para facilitar a sua identifica\u00e7\u00e3o<\/p>\n","protected":false},"featured_media":82978,"comment_status":"open","ping_status":"closed","template":"","meta":[],"product_brand":[],"product_cat":[14013,11488],"product_tag":[],"class_list":{"0":"post-82979","1":"product","2":"type-product","3":"status-publish","4":"has-post-thumbnail","6":"product_cat-chave-torx","7":"product_cat-ferramentas","9":"first","10":"instock","11":"taxable","12":"shipping-taxable","13":"purchasable","14":"product-type-simple"},"_links":{"self":[{"href":"https:\/\/casafreitas.pt\/loja\/wp-json\/wp\/v2\/product\/82979","targetHints":{"allow":["GET"]}}],"collection":[{"href":"https:\/\/casafreitas.pt\/loja\/wp-json\/wp\/v2\/product"}],"about":[{"href":"https:\/\/casafreitas.pt\/loja\/wp-json\/wp\/v2\/types\/product"}],"replies":[{"embeddable":true,"href":"https:\/\/casafreitas.pt\/loja\/wp-json\/wp\/v2\/comments?post=82979"}],"version-history":[{"count":1,"href":"https:\/\/casafreitas.pt\/loja\/wp-json\/wp\/v2\/product\/82979\/revisions"}],"predecessor-version":[{"id":82980,"href":"https:\/\/casafreitas.pt\/loja\/wp-json\/wp\/v2\/product\/82979\/revisions\/82980"}],"wp:featuredmedia":[{"embeddable":true,"href":"https:\/\/casafreitas.pt\/loja\/wp-json\/wp\/v2\/media\/82978"}],"wp:attachment":[{"href":"https:\/\/casafreitas.pt\/loja\/wp-json\/wp\/v2\/media?parent=82979"}],"wp:term":[{"taxonomy":"product_brand","embeddable":true,"href":"https:\/\/casafreitas.pt\/loja\/wp-json\/wp\/v2\/product_brand?post=82979"},{"taxonomy":"product_cat","embeddable":true,"href":"https:\/\/casafreitas.pt\/loja\/wp-json\/wp\/v2\/product_cat?post=82979"},{"taxonomy":"product_tag","embeddable":true,"href":"https:\/\/casafreitas.pt\/loja\/wp-json\/wp\/v2\/product_tag?post=82979"}],"curies":[{"name":"wp","href":"https:\/\/api.w.org\/{rel}","templated":true}]}}