{"id":82961,"date":"2025-09-25T18:41:11","date_gmt":"2025-09-25T18:41:11","guid":{"rendered":"https:\/\/casafreitas.pt\/loja\/produto\/chave-boca-ph-1-1000v-1x150mm-409v-1-150\/"},"modified":"2025-10-24T00:50:24","modified_gmt":"2025-10-24T00:50:24","slug":"chave-boca-ph-1-1000v-1x150mm-409v-1-150","status":"publish","type":"product","link":"https:\/\/casafreitas.pt\/loja\/produto\/chave-boca-ph-1-1000v-1x150mm-409v-1-150\/","title":{"rendered":"Chave boca ph-1 1000v 1x150mm 409v-1-150"},"content":{"rendered":"","protected":false},"excerpt":{"rendered":"<p>Chave boca ph-1 1000v 1x150mm 409v-1-150. chaves isoladas vde para parafusos philips. ponta fosfatada para proporcionar a m\u00e1xima precis\u00e3o. para trabalhar em equipamentos de at\u00e9 1000v. cabo bicomponente para um bom agarre e grande transfer\u00eancia de par. a forma do cabo impede que a ferramenta rode. com orif\u00edcio para pendurar. o isolamento da vara de alta qualidade est\u00e1 moldada diretamente sobre a folha para proporcionar a m\u00e1xima seguran\u00e7a. a chave tem o tamanho e o n\u00famero de serie marcado de forma permanente para facilitar a sua identifica\u00e7\u00e3o. testado individualmente e fabricado de acordo com iec 60900. testado num banho de \u00e1gua a 10.000v. normativas: iso 8764\/din 5260<\/p>\n","protected":false},"featured_media":82960,"comment_status":"open","ping_status":"closed","template":"","meta":[],"product_brand":[],"product_cat":[14283,11488],"product_tag":[],"class_list":{"0":"post-82961","1":"product","2":"type-product","3":"status-publish","4":"has-post-thumbnail","6":"product_cat-chave-phillips","7":"product_cat-ferramentas","9":"first","10":"instock","11":"taxable","12":"shipping-taxable","13":"purchasable","14":"product-type-simple"},"_links":{"self":[{"href":"https:\/\/casafreitas.pt\/loja\/wp-json\/wp\/v2\/product\/82961","targetHints":{"allow":["GET"]}}],"collection":[{"href":"https:\/\/casafreitas.pt\/loja\/wp-json\/wp\/v2\/product"}],"about":[{"href":"https:\/\/casafreitas.pt\/loja\/wp-json\/wp\/v2\/types\/product"}],"replies":[{"embeddable":true,"href":"https:\/\/casafreitas.pt\/loja\/wp-json\/wp\/v2\/comments?post=82961"}],"version-history":[{"count":1,"href":"https:\/\/casafreitas.pt\/loja\/wp-json\/wp\/v2\/product\/82961\/revisions"}],"predecessor-version":[{"id":82962,"href":"https:\/\/casafreitas.pt\/loja\/wp-json\/wp\/v2\/product\/82961\/revisions\/82962"}],"wp:featuredmedia":[{"embeddable":true,"href":"https:\/\/casafreitas.pt\/loja\/wp-json\/wp\/v2\/media\/82960"}],"wp:attachment":[{"href":"https:\/\/casafreitas.pt\/loja\/wp-json\/wp\/v2\/media?parent=82961"}],"wp:term":[{"taxonomy":"product_brand","embeddable":true,"href":"https:\/\/casafreitas.pt\/loja\/wp-json\/wp\/v2\/product_brand?post=82961"},{"taxonomy":"product_cat","embeddable":true,"href":"https:\/\/casafreitas.pt\/loja\/wp-json\/wp\/v2\/product_cat?post=82961"},{"taxonomy":"product_tag","embeddable":true,"href":"https:\/\/casafreitas.pt\/loja\/wp-json\/wp\/v2\/product_tag?post=82961"}],"curies":[{"name":"wp","href":"https:\/\/api.w.org\/{rel}","templated":true}]}}