{"id":82955,"date":"2025-09-25T18:40:51","date_gmt":"2025-09-25T18:40:51","guid":{"rendered":"https:\/\/casafreitas.pt\/loja\/produto\/chave-boca-ph-2-cabo-bicomponente-6x300mm-409-2-300\/"},"modified":"2025-10-24T00:50:24","modified_gmt":"2025-10-24T00:50:24","slug":"chave-boca-ph-2-cabo-bicomponente-6x300mm-409-2-300","status":"publish","type":"product","link":"https:\/\/casafreitas.pt\/loja\/produto\/chave-boca-ph-2-cabo-bicomponente-6x300mm-409-2-300\/","title":{"rendered":"Chave boca ph-2 cabo bicomponente 6x300mm 409-2-300"},"content":{"rendered":"","protected":false},"excerpt":{"rendered":"<p>Chave boca ph-2 cabo bicomponente 6x300mm 409-2-300. para parafusos philips. ponta polida com areia para proporcionar maior ader\u00eancia e garantia total contra o oxido. para uso intensivo. cabo bicomponente para um bom agarre e grande transfer\u00eancia de par. a forma do cabo impede que a ferramenta rode. com orif\u00edcio para pendurar. vara de aleana\u00e7\u00e3o de a\u00e7o de alto rendimento, cromado e totalmente temperado. a chave tem o tamanho e o n\u00famero de serie marcado de forma permanente para facilitar a sua identifica\u00e7\u00e3o. normativas: iso 8764\/din 5260<\/p>\n","protected":false},"featured_media":82954,"comment_status":"open","ping_status":"closed","template":"","meta":[],"product_brand":[],"product_cat":[14283,11488],"product_tag":[],"class_list":{"0":"post-82955","1":"product","2":"type-product","3":"status-publish","4":"has-post-thumbnail","6":"product_cat-chave-phillips","7":"product_cat-ferramentas","9":"first","10":"instock","11":"taxable","12":"shipping-taxable","13":"purchasable","14":"product-type-simple"},"_links":{"self":[{"href":"https:\/\/casafreitas.pt\/loja\/wp-json\/wp\/v2\/product\/82955","targetHints":{"allow":["GET"]}}],"collection":[{"href":"https:\/\/casafreitas.pt\/loja\/wp-json\/wp\/v2\/product"}],"about":[{"href":"https:\/\/casafreitas.pt\/loja\/wp-json\/wp\/v2\/types\/product"}],"replies":[{"embeddable":true,"href":"https:\/\/casafreitas.pt\/loja\/wp-json\/wp\/v2\/comments?post=82955"}],"version-history":[{"count":1,"href":"https:\/\/casafreitas.pt\/loja\/wp-json\/wp\/v2\/product\/82955\/revisions"}],"predecessor-version":[{"id":82956,"href":"https:\/\/casafreitas.pt\/loja\/wp-json\/wp\/v2\/product\/82955\/revisions\/82956"}],"wp:featuredmedia":[{"embeddable":true,"href":"https:\/\/casafreitas.pt\/loja\/wp-json\/wp\/v2\/media\/82954"}],"wp:attachment":[{"href":"https:\/\/casafreitas.pt\/loja\/wp-json\/wp\/v2\/media?parent=82955"}],"wp:term":[{"taxonomy":"product_brand","embeddable":true,"href":"https:\/\/casafreitas.pt\/loja\/wp-json\/wp\/v2\/product_brand?post=82955"},{"taxonomy":"product_cat","embeddable":true,"href":"https:\/\/casafreitas.pt\/loja\/wp-json\/wp\/v2\/product_cat?post=82955"},{"taxonomy":"product_tag","embeddable":true,"href":"https:\/\/casafreitas.pt\/loja\/wp-json\/wp\/v2\/product_tag?post=82955"}],"curies":[{"name":"wp","href":"https:\/\/api.w.org\/{rel}","templated":true}]}}