{"id":82934,"date":"2025-09-25T18:39:39","date_gmt":"2025-09-25T18:39:39","guid":{"rendered":"https:\/\/casafreitas.pt\/loja\/produto\/chave-fendas-1000v-65x150mm-408v-65-150\/"},"modified":"2025-10-24T00:50:23","modified_gmt":"2025-10-24T00:50:23","slug":"chave-fendas-1000v-65x150mm-408v-65-150","status":"publish","type":"product","link":"https:\/\/casafreitas.pt\/loja\/produto\/chave-fendas-1000v-65x150mm-408v-65-150\/","title":{"rendered":"Chave de fendas 1000v 6,5x150mm 408v-6,5-150"},"content":{"rendered":"","protected":false},"excerpt":{"rendered":"<p>Chave de fendas 1000v 6,5x150mm 408v-6,5-150. chave isolada vde para parafusos de fendas. ponta fosfatada para proporcionar a m\u00e1xima precis\u00e3o. para trabalhar com equipamentos de at\u00e9 1000v. cabo bicomponentes para um agarre seguro e uma grande transfer\u00eancia do par. a forma do cabo impede que a ferramenta rode. com orif\u00edcio para pendurar. o isolamento da vara de alta qualidade est\u00e1 moldado diretamente sobre a folha para proporcionar a m\u00e1xima seguran\u00e7a. a chave tem o tamanho e n\u00famero de serie marcado de forma permanente para facilitar a identifica\u00e7\u00e3o. testado individualmente e fabricado de acordo com iec 60900. testado num banho de \u00e1gua a 10.000v. normativas: iso2380\/din5264 e une16516<\/p>\n","protected":false},"featured_media":82933,"comment_status":"open","ping_status":"closed","template":"","meta":[],"product_brand":[],"product_cat":[12594,11488],"product_tag":[],"class_list":{"0":"post-82934","1":"product","2":"type-product","3":"status-publish","4":"has-post-thumbnail","6":"product_cat-chaves-de-fenda","7":"product_cat-ferramentas","9":"first","10":"instock","11":"taxable","12":"shipping-taxable","13":"purchasable","14":"product-type-simple"},"_links":{"self":[{"href":"https:\/\/casafreitas.pt\/loja\/wp-json\/wp\/v2\/product\/82934","targetHints":{"allow":["GET"]}}],"collection":[{"href":"https:\/\/casafreitas.pt\/loja\/wp-json\/wp\/v2\/product"}],"about":[{"href":"https:\/\/casafreitas.pt\/loja\/wp-json\/wp\/v2\/types\/product"}],"replies":[{"embeddable":true,"href":"https:\/\/casafreitas.pt\/loja\/wp-json\/wp\/v2\/comments?post=82934"}],"version-history":[{"count":1,"href":"https:\/\/casafreitas.pt\/loja\/wp-json\/wp\/v2\/product\/82934\/revisions"}],"predecessor-version":[{"id":82935,"href":"https:\/\/casafreitas.pt\/loja\/wp-json\/wp\/v2\/product\/82934\/revisions\/82935"}],"wp:featuredmedia":[{"embeddable":true,"href":"https:\/\/casafreitas.pt\/loja\/wp-json\/wp\/v2\/media\/82933"}],"wp:attachment":[{"href":"https:\/\/casafreitas.pt\/loja\/wp-json\/wp\/v2\/media?parent=82934"}],"wp:term":[{"taxonomy":"product_brand","embeddable":true,"href":"https:\/\/casafreitas.pt\/loja\/wp-json\/wp\/v2\/product_brand?post=82934"},{"taxonomy":"product_cat","embeddable":true,"href":"https:\/\/casafreitas.pt\/loja\/wp-json\/wp\/v2\/product_cat?post=82934"},{"taxonomy":"product_tag","embeddable":true,"href":"https:\/\/casafreitas.pt\/loja\/wp-json\/wp\/v2\/product_tag?post=82934"}],"curies":[{"name":"wp","href":"https:\/\/api.w.org\/{rel}","templated":true}]}}