{"id":82871,"date":"2025-09-25T18:35:57","date_gmt":"2025-09-25T18:35:57","guid":{"rendered":"https:\/\/casafreitas.pt\/loja\/produto\/jogo-petaca-9-chaves-curvas-pavonadas-torx-inviolaveis-t10-t50-454-9-h\/"},"modified":"2025-10-24T00:50:20","modified_gmt":"2025-10-24T00:50:20","slug":"jogo-petaca-9-chaves-curvas-pavonadas-torx-inviolaveis-t10-t50-454-9-h","status":"publish","type":"product","link":"https:\/\/casafreitas.pt\/loja\/produto\/jogo-petaca-9-chaves-curvas-pavonadas-torx-inviolaveis-t10-t50-454-9-h\/","title":{"rendered":"Jogo petaca 9 chaves curvas pavonadas torx\u00ae inviol\u00e1veis t10-t50 454-9-h"},"content":{"rendered":"","protected":false},"excerpt":{"rendered":"<p>Jogo petaca 9 chaves curvas pavonadas torx\u00ae inviol\u00e1veis t10-t50 454-9-h. inclui 9 chaves para parafusos torx\u00ae inviol\u00e1vel com pin de seguran\u00e7a. medidas: tr10, tr15, tr20, tr25, tr27, tr30, tr40, tr45 e tr50. chave comprida. o cabo comprido proporciona maior transmiss\u00e3o de par de aperto e maior acessibilidade. o tratamento com acabamento oxidado proporciona uma excelente prote\u00e7\u00e3o da superf\u00edcie, maior precis\u00e3o na ponta. a\u00e7o de alta qualidade, totalmente temperado. a medida est\u00e1 gravada com laser na chave para facilitar a sua identifica\u00e7\u00e3o. suporte de pl\u00e1stico. os tamanhos est\u00e3o marcados no suporte para facilitar a sua identifica\u00e7\u00e3o. embalagem temperado<\/p>\n","protected":false},"featured_media":82870,"comment_status":"open","ping_status":"closed","template":"","meta":[],"product_brand":[],"product_cat":[14012,11488],"product_tag":[],"class_list":{"0":"post-82871","1":"product","2":"type-product","3":"status-publish","4":"has-post-thumbnail","6":"product_cat-chaves-torx","7":"product_cat-ferramentas","9":"first","10":"instock","11":"taxable","12":"shipping-taxable","13":"purchasable","14":"product-type-simple"},"_links":{"self":[{"href":"https:\/\/casafreitas.pt\/loja\/wp-json\/wp\/v2\/product\/82871","targetHints":{"allow":["GET"]}}],"collection":[{"href":"https:\/\/casafreitas.pt\/loja\/wp-json\/wp\/v2\/product"}],"about":[{"href":"https:\/\/casafreitas.pt\/loja\/wp-json\/wp\/v2\/types\/product"}],"replies":[{"embeddable":true,"href":"https:\/\/casafreitas.pt\/loja\/wp-json\/wp\/v2\/comments?post=82871"}],"version-history":[{"count":1,"href":"https:\/\/casafreitas.pt\/loja\/wp-json\/wp\/v2\/product\/82871\/revisions"}],"predecessor-version":[{"id":82872,"href":"https:\/\/casafreitas.pt\/loja\/wp-json\/wp\/v2\/product\/82871\/revisions\/82872"}],"wp:featuredmedia":[{"embeddable":true,"href":"https:\/\/casafreitas.pt\/loja\/wp-json\/wp\/v2\/media\/82870"}],"wp:attachment":[{"href":"https:\/\/casafreitas.pt\/loja\/wp-json\/wp\/v2\/media?parent=82871"}],"wp:term":[{"taxonomy":"product_brand","embeddable":true,"href":"https:\/\/casafreitas.pt\/loja\/wp-json\/wp\/v2\/product_brand?post=82871"},{"taxonomy":"product_cat","embeddable":true,"href":"https:\/\/casafreitas.pt\/loja\/wp-json\/wp\/v2\/product_cat?post=82871"},{"taxonomy":"product_tag","embeddable":true,"href":"https:\/\/casafreitas.pt\/loja\/wp-json\/wp\/v2\/product_tag?post=82871"}],"curies":[{"name":"wp","href":"https:\/\/api.w.org\/{rel}","templated":true}]}}