{"id":82225,"date":"2025-09-25T17:54:25","date_gmt":"2025-09-25T17:54:25","guid":{"rendered":"https:\/\/casafreitas.pt\/loja\/produto\/rebitadora-b60-hobby-8500701-salki\/"},"modified":"2025-10-24T00:49:44","modified_gmt":"2025-10-24T00:49:44","slug":"rebitadora-b60-hobby-8500701-salki","status":"publish","type":"product","link":"https:\/\/casafreitas.pt\/loja\/produto\/rebitadora-b60-hobby-8500701-salki\/","title":{"rendered":"Rebitadora b60 hobby 8500701 salki"},"content":{"rendered":"","protected":false},"excerpt":{"rendered":"<p>Rebitadora b60 hobby 8500701 salki. rebitadora manual ligeira rsk b60. consum\u00edvel: \u00f82,4 &#8211; 3,2 &#8211; 4 &#8211; 4,8. corpo chapa de a\u00e7o. carater\u00edsticas: alavanca equipada mola de abertura. mecanismo autom\u00e1tico e seguro expuls\u00e3o de espig\u00e3o. inclui: morda\u00e7as intercambi\u00e1veis. chave de montagem e gancho fecho e seguran\u00e7a<\/p>\n","protected":false},"featured_media":82224,"comment_status":"open","ping_status":"closed","template":"","meta":[],"product_brand":[],"product_cat":[11488,14504],"product_tag":[],"class_list":{"0":"post-82225","1":"product","2":"type-product","3":"status-publish","4":"has-post-thumbnail","6":"product_cat-ferramentas","7":"product_cat-ferramentas-de-reparacao-ferramentas","9":"first","10":"instock","11":"taxable","12":"shipping-taxable","13":"purchasable","14":"product-type-simple"},"_links":{"self":[{"href":"https:\/\/casafreitas.pt\/loja\/wp-json\/wp\/v2\/product\/82225","targetHints":{"allow":["GET"]}}],"collection":[{"href":"https:\/\/casafreitas.pt\/loja\/wp-json\/wp\/v2\/product"}],"about":[{"href":"https:\/\/casafreitas.pt\/loja\/wp-json\/wp\/v2\/types\/product"}],"replies":[{"embeddable":true,"href":"https:\/\/casafreitas.pt\/loja\/wp-json\/wp\/v2\/comments?post=82225"}],"version-history":[{"count":1,"href":"https:\/\/casafreitas.pt\/loja\/wp-json\/wp\/v2\/product\/82225\/revisions"}],"predecessor-version":[{"id":82226,"href":"https:\/\/casafreitas.pt\/loja\/wp-json\/wp\/v2\/product\/82225\/revisions\/82226"}],"wp:featuredmedia":[{"embeddable":true,"href":"https:\/\/casafreitas.pt\/loja\/wp-json\/wp\/v2\/media\/82224"}],"wp:attachment":[{"href":"https:\/\/casafreitas.pt\/loja\/wp-json\/wp\/v2\/media?parent=82225"}],"wp:term":[{"taxonomy":"product_brand","embeddable":true,"href":"https:\/\/casafreitas.pt\/loja\/wp-json\/wp\/v2\/product_brand?post=82225"},{"taxonomy":"product_cat","embeddable":true,"href":"https:\/\/casafreitas.pt\/loja\/wp-json\/wp\/v2\/product_cat?post=82225"},{"taxonomy":"product_tag","embeddable":true,"href":"https:\/\/casafreitas.pt\/loja\/wp-json\/wp\/v2\/product_tag?post=82225"}],"curies":[{"name":"wp","href":"https:\/\/api.w.org\/{rel}","templated":true}]}}