{"id":80267,"date":"2025-09-25T11:36:15","date_gmt":"2025-09-25T11:36:15","guid":{"rendered":"https:\/\/casafreitas.pt\/loja\/produto\/bucha-duopower-o10-x-50-mm-caixa-25-unid\/"},"modified":"2025-10-24T00:47:49","modified_gmt":"2025-10-24T00:47:49","slug":"bucha-duopower-o10-x-50-mm-caixa-25-unid","status":"publish","type":"product","link":"https:\/\/casafreitas.pt\/loja\/produto\/bucha-duopower-o10-x-50-mm-caixa-25-unid\/","title":{"rendered":"Bucha duopower \u00f810 x 50 mm, caixa 25 unid"},"content":{"rendered":"","protected":false},"excerpt":{"rendered":"<p>Bucha duopower \u00f810 x 50 mm, em formato de caixa diy 25 unid. combina\u00e7\u00e3o de dois componentes de materiais para maior desempenho fun\u00e7\u00f5es de seguran\u00e7a para materiais maci\u00e7os (expans\u00e3o) e perfurados ou placas (bloqueio\/n\u00f3s). f\u00e1cil montagem: a borda estrita da tampa evita que se encaixe no furo melhor resposta poss\u00edvel da tampa: a tampa encaixa perfeitamente. aplica\u00e7\u00f5es: m\u00f3veis de tv, ilumina\u00e7\u00e3o, prateleiras, arm\u00e1rios de espelhos, quadros, fixa\u00e7\u00e3o de estores, cortinas, fixa\u00e7\u00f5es de lavat\u00f3rios, fixa\u00e7\u00f5es de canaliza\u00e7\u00f5es e aquecimentos, banheiros e banheiros, m\u00f3veis de parede, exaustores etc. materiais: bet\u00e3o, tijolo maci\u00e7o, bet\u00e3o celular, placas e pain\u00e9is de gesso, pedra natural, pain\u00e9is de aglomerado, etc<\/p>\n","protected":false},"featured_media":80266,"comment_status":"open","ping_status":"closed","template":"","meta":[],"product_brand":[],"product_cat":[12690,18004],"product_tag":[],"class_list":{"0":"post-80267","1":"product","2":"type-product","3":"status-publish","4":"has-post-thumbnail","6":"product_cat-buchas-de-plastico","7":"product_cat-construcao","9":"first","10":"instock","11":"taxable","12":"shipping-taxable","13":"purchasable","14":"product-type-simple"},"_links":{"self":[{"href":"https:\/\/casafreitas.pt\/loja\/wp-json\/wp\/v2\/product\/80267","targetHints":{"allow":["GET"]}}],"collection":[{"href":"https:\/\/casafreitas.pt\/loja\/wp-json\/wp\/v2\/product"}],"about":[{"href":"https:\/\/casafreitas.pt\/loja\/wp-json\/wp\/v2\/types\/product"}],"replies":[{"embeddable":true,"href":"https:\/\/casafreitas.pt\/loja\/wp-json\/wp\/v2\/comments?post=80267"}],"version-history":[{"count":1,"href":"https:\/\/casafreitas.pt\/loja\/wp-json\/wp\/v2\/product\/80267\/revisions"}],"predecessor-version":[{"id":80268,"href":"https:\/\/casafreitas.pt\/loja\/wp-json\/wp\/v2\/product\/80267\/revisions\/80268"}],"wp:featuredmedia":[{"embeddable":true,"href":"https:\/\/casafreitas.pt\/loja\/wp-json\/wp\/v2\/media\/80266"}],"wp:attachment":[{"href":"https:\/\/casafreitas.pt\/loja\/wp-json\/wp\/v2\/media?parent=80267"}],"wp:term":[{"taxonomy":"product_brand","embeddable":true,"href":"https:\/\/casafreitas.pt\/loja\/wp-json\/wp\/v2\/product_brand?post=80267"},{"taxonomy":"product_cat","embeddable":true,"href":"https:\/\/casafreitas.pt\/loja\/wp-json\/wp\/v2\/product_cat?post=80267"},{"taxonomy":"product_tag","embeddable":true,"href":"https:\/\/casafreitas.pt\/loja\/wp-json\/wp\/v2\/product_tag?post=80267"}],"curies":[{"name":"wp","href":"https:\/\/api.w.org\/{rel}","templated":true}]}}