{"id":80246,"date":"2025-09-25T11:34:47","date_gmt":"2025-09-25T11:34:47","guid":{"rendered":"https:\/\/casafreitas.pt\/loja\/produto\/bucha-sx-plus-o6-x-30-mm-caixa-80-unid\/"},"modified":"2025-10-24T00:47:47","modified_gmt":"2025-10-24T00:47:47","slug":"bucha-sx-plus-o6-x-30-mm-caixa-80-unid","status":"publish","type":"product","link":"https:\/\/casafreitas.pt\/loja\/produto\/bucha-sx-plus-o6-x-30-mm-caixa-80-unid\/","title":{"rendered":"Bucha sx plus \u00f86 x 30 mm, caixa 80 unid"},"content":{"rendered":"","protected":false},"excerpt":{"rendered":"<p>Bucha sx plus \u00f86x30mm diy 80 unid. 568712 fischer. formato caixa bricolagem. potente fixa\u00e7\u00e3o de nylon com quatro vias de expans\u00e3o, com rebordo. boa transmiss\u00e3o de for\u00e7a gra\u00e7as \u00e0 expans\u00e3o de 4 vias. isto permite fixar cargas mais altas em materiais s\u00f3lidos e ocos, f\u00e1cil de instalar. o borde da bucha evita que este esteja completamente dentro do orif\u00edcio. n\u00e3o h\u00e1 press\u00e3o de expans\u00e3o no pesco\u00e7o da bucha. isto significa que n\u00e3o danifica os azulejos ou o gesso. aplica\u00e7\u00f5es: rodap\u00e9s, etc, materiais de cimento, tijolo perfurados vertical, blocos ocos de cimento ligeiro, laje feitas de tijolos e cimento, pedra natural com estrutura densa, painel s\u00f3lido fabricado em gesso, tijolo s\u00f3lido fabricado em cimento leve, etc<\/p>\n","protected":false},"featured_media":80245,"comment_status":"open","ping_status":"closed","template":"","meta":[],"product_brand":[],"product_cat":[12690,18004],"product_tag":[],"class_list":{"0":"post-80246","1":"product","2":"type-product","3":"status-publish","4":"has-post-thumbnail","6":"product_cat-buchas-de-plastico","7":"product_cat-construcao","9":"first","10":"instock","11":"taxable","12":"shipping-taxable","13":"purchasable","14":"product-type-simple"},"_links":{"self":[{"href":"https:\/\/casafreitas.pt\/loja\/wp-json\/wp\/v2\/product\/80246","targetHints":{"allow":["GET"]}}],"collection":[{"href":"https:\/\/casafreitas.pt\/loja\/wp-json\/wp\/v2\/product"}],"about":[{"href":"https:\/\/casafreitas.pt\/loja\/wp-json\/wp\/v2\/types\/product"}],"replies":[{"embeddable":true,"href":"https:\/\/casafreitas.pt\/loja\/wp-json\/wp\/v2\/comments?post=80246"}],"version-history":[{"count":1,"href":"https:\/\/casafreitas.pt\/loja\/wp-json\/wp\/v2\/product\/80246\/revisions"}],"predecessor-version":[{"id":80247,"href":"https:\/\/casafreitas.pt\/loja\/wp-json\/wp\/v2\/product\/80246\/revisions\/80247"}],"wp:featuredmedia":[{"embeddable":true,"href":"https:\/\/casafreitas.pt\/loja\/wp-json\/wp\/v2\/media\/80245"}],"wp:attachment":[{"href":"https:\/\/casafreitas.pt\/loja\/wp-json\/wp\/v2\/media?parent=80246"}],"wp:term":[{"taxonomy":"product_brand","embeddable":true,"href":"https:\/\/casafreitas.pt\/loja\/wp-json\/wp\/v2\/product_brand?post=80246"},{"taxonomy":"product_cat","embeddable":true,"href":"https:\/\/casafreitas.pt\/loja\/wp-json\/wp\/v2\/product_cat?post=80246"},{"taxonomy":"product_tag","embeddable":true,"href":"https:\/\/casafreitas.pt\/loja\/wp-json\/wp\/v2\/product_tag?post=80246"}],"curies":[{"name":"wp","href":"https:\/\/api.w.org\/{rel}","templated":true}]}}