{"id":80171,"date":"2025-09-25T11:29:39","date_gmt":"2025-09-25T11:29:39","guid":{"rendered":"https:\/\/casafreitas.pt\/loja\/produto\/kit-fixacao-lavatorios-569818-solufix-fischer\/"},"modified":"2025-10-24T00:47:43","modified_gmt":"2025-10-24T00:47:43","slug":"kit-fixacao-lavatorios-569818-solufix-fischer","status":"publish","type":"product","link":"https:\/\/casafreitas.pt\/loja\/produto\/kit-fixacao-lavatorios-569818-solufix-fischer\/","title":{"rendered":"Kit fixa\u00e7\u00e3o lavat\u00f3rios 569818 solufix fischer"},"content":{"rendered":"","protected":false},"excerpt":{"rendered":"<p>Kit fixa\u00e7\u00e3o lavat\u00f3rios 569818 solufix fischer. kit fixa\u00e7\u00e3o solufix para fixar lavat\u00f3rios. inclui 2 buchas sx 10x50mm, 2 var\u00f5es m8x110mm e 2 porcas nylon bum<\/p>\n","protected":false},"featured_media":80170,"comment_status":"open","ping_status":"closed","template":"","meta":[],"product_brand":[],"product_cat":[17586,18004],"product_tag":[],"class_list":{"0":"post-80171","1":"product","2":"type-product","3":"status-publish","4":"has-post-thumbnail","6":"product_cat-kits-de-fixacao-construcao","7":"product_cat-construcao","9":"first","10":"instock","11":"taxable","12":"shipping-taxable","13":"purchasable","14":"product-type-simple"},"_links":{"self":[{"href":"https:\/\/casafreitas.pt\/loja\/wp-json\/wp\/v2\/product\/80171","targetHints":{"allow":["GET"]}}],"collection":[{"href":"https:\/\/casafreitas.pt\/loja\/wp-json\/wp\/v2\/product"}],"about":[{"href":"https:\/\/casafreitas.pt\/loja\/wp-json\/wp\/v2\/types\/product"}],"replies":[{"embeddable":true,"href":"https:\/\/casafreitas.pt\/loja\/wp-json\/wp\/v2\/comments?post=80171"}],"version-history":[{"count":1,"href":"https:\/\/casafreitas.pt\/loja\/wp-json\/wp\/v2\/product\/80171\/revisions"}],"predecessor-version":[{"id":80172,"href":"https:\/\/casafreitas.pt\/loja\/wp-json\/wp\/v2\/product\/80171\/revisions\/80172"}],"wp:featuredmedia":[{"embeddable":true,"href":"https:\/\/casafreitas.pt\/loja\/wp-json\/wp\/v2\/media\/80170"}],"wp:attachment":[{"href":"https:\/\/casafreitas.pt\/loja\/wp-json\/wp\/v2\/media?parent=80171"}],"wp:term":[{"taxonomy":"product_brand","embeddable":true,"href":"https:\/\/casafreitas.pt\/loja\/wp-json\/wp\/v2\/product_brand?post=80171"},{"taxonomy":"product_cat","embeddable":true,"href":"https:\/\/casafreitas.pt\/loja\/wp-json\/wp\/v2\/product_cat?post=80171"},{"taxonomy":"product_tag","embeddable":true,"href":"https:\/\/casafreitas.pt\/loja\/wp-json\/wp\/v2\/product_tag?post=80171"}],"curies":[{"name":"wp","href":"https:\/\/api.w.org\/{rel}","templated":true}]}}