{"id":79738,"date":"2025-09-25T10:55:30","date_gmt":"2025-09-25T10:55:30","guid":{"rendered":"https:\/\/casafreitas.pt\/loja\/produto\/saco-fixacao-vertical-inox-para-wc\/"},"modified":"2025-10-24T00:47:01","modified_gmt":"2025-10-24T00:47:01","slug":"saco-fixacao-vertical-inox-para-wc","status":"publish","type":"product","link":"https:\/\/casafreitas.pt\/loja\/produto\/saco-fixacao-vertical-inox-para-wc\/","title":{"rendered":"Saco de fixa\u00e7\u00e3o vertical de inox para wc"},"content":{"rendered":"","protected":false},"excerpt":{"rendered":"<p>Saco de fixa\u00e7\u00e3o vertical para vaso sanit\u00e1rio em a\u00e7o inoxid\u00e1vel, cont\u00e9m 2 parafusos \u00f86 x 75 mm; 2 tampas \u00f88 x 80 mm e 2 tampas x675fwc30<\/p>\n","protected":false},"featured_media":79737,"comment_status":"open","ping_status":"closed","template":"","meta":[],"product_brand":[],"product_cat":[17586,18004],"product_tag":[],"class_list":{"0":"post-79738","1":"product","2":"type-product","3":"status-publish","4":"has-post-thumbnail","6":"product_cat-kits-de-fixacao-construcao","7":"product_cat-construcao","9":"first","10":"instock","11":"taxable","12":"shipping-taxable","13":"purchasable","14":"product-type-simple"},"_links":{"self":[{"href":"https:\/\/casafreitas.pt\/loja\/wp-json\/wp\/v2\/product\/79738","targetHints":{"allow":["GET"]}}],"collection":[{"href":"https:\/\/casafreitas.pt\/loja\/wp-json\/wp\/v2\/product"}],"about":[{"href":"https:\/\/casafreitas.pt\/loja\/wp-json\/wp\/v2\/types\/product"}],"replies":[{"embeddable":true,"href":"https:\/\/casafreitas.pt\/loja\/wp-json\/wp\/v2\/comments?post=79738"}],"version-history":[{"count":1,"href":"https:\/\/casafreitas.pt\/loja\/wp-json\/wp\/v2\/product\/79738\/revisions"}],"predecessor-version":[{"id":79739,"href":"https:\/\/casafreitas.pt\/loja\/wp-json\/wp\/v2\/product\/79738\/revisions\/79739"}],"wp:featuredmedia":[{"embeddable":true,"href":"https:\/\/casafreitas.pt\/loja\/wp-json\/wp\/v2\/media\/79737"}],"wp:attachment":[{"href":"https:\/\/casafreitas.pt\/loja\/wp-json\/wp\/v2\/media?parent=79738"}],"wp:term":[{"taxonomy":"product_brand","embeddable":true,"href":"https:\/\/casafreitas.pt\/loja\/wp-json\/wp\/v2\/product_brand?post=79738"},{"taxonomy":"product_cat","embeddable":true,"href":"https:\/\/casafreitas.pt\/loja\/wp-json\/wp\/v2\/product_cat?post=79738"},{"taxonomy":"product_tag","embeddable":true,"href":"https:\/\/casafreitas.pt\/loja\/wp-json\/wp\/v2\/product_tag?post=79738"}],"curies":[{"name":"wp","href":"https:\/\/api.w.org\/{rel}","templated":true}]}}