{"id":79624,"date":"2025-09-25T10:47:24","date_gmt":"2025-09-25T10:47:24","guid":{"rendered":"https:\/\/casafreitas.pt\/loja\/produto\/caixa-20-unid-fixacao-homologado-ce-bap-o12x110mm-10-zincado-celo\/"},"modified":"2025-10-24T00:46:55","modified_gmt":"2025-10-24T00:46:55","slug":"caixa-20-unid-fixacao-homologado-ce-bap-o12x110mm-10-zincado-celo","status":"publish","type":"product","link":"https:\/\/casafreitas.pt\/loja\/produto\/caixa-20-unid-fixacao-homologado-ce-bap-o12x110mm-10-zincado-celo\/","title":{"rendered":"Caixa 20 unid. fixa\u00e7\u00e3o homologado ce bap \u00f812x110mm\/10 zincado celo"},"content":{"rendered":"","protected":false},"excerpt":{"rendered":"<p>Caixa 20 unid. fixa\u00e7\u00e3o homologado ce bap \u00f812x110mm\/10 zincado celo<\/p>\n","protected":false},"featured_media":79623,"comment_status":"open","ping_status":"closed","template":"","meta":[],"product_brand":[],"product_cat":[17517,18004],"product_tag":[],"class_list":{"0":"post-79624","1":"product","2":"type-product","3":"status-publish","4":"has-post-thumbnail","6":"product_cat-ancoras-metalicas-construcao","7":"product_cat-construcao","9":"first","10":"instock","11":"taxable","12":"shipping-taxable","13":"purchasable","14":"product-type-simple"},"_links":{"self":[{"href":"https:\/\/casafreitas.pt\/loja\/wp-json\/wp\/v2\/product\/79624","targetHints":{"allow":["GET"]}}],"collection":[{"href":"https:\/\/casafreitas.pt\/loja\/wp-json\/wp\/v2\/product"}],"about":[{"href":"https:\/\/casafreitas.pt\/loja\/wp-json\/wp\/v2\/types\/product"}],"replies":[{"embeddable":true,"href":"https:\/\/casafreitas.pt\/loja\/wp-json\/wp\/v2\/comments?post=79624"}],"version-history":[{"count":1,"href":"https:\/\/casafreitas.pt\/loja\/wp-json\/wp\/v2\/product\/79624\/revisions"}],"predecessor-version":[{"id":79625,"href":"https:\/\/casafreitas.pt\/loja\/wp-json\/wp\/v2\/product\/79624\/revisions\/79625"}],"wp:featuredmedia":[{"embeddable":true,"href":"https:\/\/casafreitas.pt\/loja\/wp-json\/wp\/v2\/media\/79623"}],"wp:attachment":[{"href":"https:\/\/casafreitas.pt\/loja\/wp-json\/wp\/v2\/media?parent=79624"}],"wp:term":[{"taxonomy":"product_brand","embeddable":true,"href":"https:\/\/casafreitas.pt\/loja\/wp-json\/wp\/v2\/product_brand?post=79624"},{"taxonomy":"product_cat","embeddable":true,"href":"https:\/\/casafreitas.pt\/loja\/wp-json\/wp\/v2\/product_cat?post=79624"},{"taxonomy":"product_tag","embeddable":true,"href":"https:\/\/casafreitas.pt\/loja\/wp-json\/wp\/v2\/product_tag?post=79624"}],"curies":[{"name":"wp","href":"https:\/\/api.w.org\/{rel}","templated":true}]}}