{"id":79009,"date":"2025-09-25T10:00:50","date_gmt":"2025-09-25T10:00:50","guid":{"rendered":"https:\/\/casafreitas.pt\/loja\/produto\/buchas-golpe-o5-x-50-mm-parafusos-cabeca-plana-o5-x-50-mm-caixa-100-unid\/"},"modified":"2025-10-24T00:41:13","modified_gmt":"2025-10-24T00:41:13","slug":"buchas-golpe-o5-x-50-mm-parafusos-cabeca-plana-o5-x-50-mm-caixa-100-unid","status":"publish","type":"product","link":"https:\/\/casafreitas.pt\/loja\/produto\/buchas-golpe-o5-x-50-mm-parafusos-cabeca-plana-o5-x-50-mm-caixa-100-unid\/","title":{"rendered":"Buchas golpe \u00f85 x 50 mm + parafusos cabe\u00e7a plana \u00f85 x 50 mm, caixa 100 unid"},"content":{"rendered":"","protected":false},"excerpt":{"rendered":"<p>Buchas golpe \u00f85 x 50 mm + parafusos cabe\u00e7a plana \u00f85 x 50 mm, caixa 100 unid<\/p>\n","protected":false},"featured_media":79008,"comment_status":"open","ping_status":"closed","template":"","meta":[],"product_brand":[],"product_cat":[17651,18004],"product_tag":[],"class_list":{"0":"post-79009","1":"product","2":"type-product","3":"status-publish","4":"has-post-thumbnail","6":"product_cat-taco-com-parafuso-construcao","7":"product_cat-construcao","9":"first","10":"instock","11":"taxable","12":"shipping-taxable","13":"purchasable","14":"product-type-simple"},"_links":{"self":[{"href":"https:\/\/casafreitas.pt\/loja\/wp-json\/wp\/v2\/product\/79009","targetHints":{"allow":["GET"]}}],"collection":[{"href":"https:\/\/casafreitas.pt\/loja\/wp-json\/wp\/v2\/product"}],"about":[{"href":"https:\/\/casafreitas.pt\/loja\/wp-json\/wp\/v2\/types\/product"}],"replies":[{"embeddable":true,"href":"https:\/\/casafreitas.pt\/loja\/wp-json\/wp\/v2\/comments?post=79009"}],"version-history":[{"count":1,"href":"https:\/\/casafreitas.pt\/loja\/wp-json\/wp\/v2\/product\/79009\/revisions"}],"predecessor-version":[{"id":79010,"href":"https:\/\/casafreitas.pt\/loja\/wp-json\/wp\/v2\/product\/79009\/revisions\/79010"}],"wp:featuredmedia":[{"embeddable":true,"href":"https:\/\/casafreitas.pt\/loja\/wp-json\/wp\/v2\/media\/79008"}],"wp:attachment":[{"href":"https:\/\/casafreitas.pt\/loja\/wp-json\/wp\/v2\/media?parent=79009"}],"wp:term":[{"taxonomy":"product_brand","embeddable":true,"href":"https:\/\/casafreitas.pt\/loja\/wp-json\/wp\/v2\/product_brand?post=79009"},{"taxonomy":"product_cat","embeddable":true,"href":"https:\/\/casafreitas.pt\/loja\/wp-json\/wp\/v2\/product_cat?post=79009"},{"taxonomy":"product_tag","embeddable":true,"href":"https:\/\/casafreitas.pt\/loja\/wp-json\/wp\/v2\/product_tag?post=79009"}],"curies":[{"name":"wp","href":"https:\/\/api.w.org\/{rel}","templated":true}]}}