{"id":78979,"date":"2025-09-25T09:58:46","date_gmt":"2025-09-25T09:58:46","guid":{"rendered":"https:\/\/casafreitas.pt\/loja\/produto\/caixa-50-unid-fixacao-homologado-ce-bap-o8x95mm-30-zincado-celo\/"},"modified":"2025-10-24T00:41:11","modified_gmt":"2025-10-24T00:41:11","slug":"caixa-50-unid-fixacao-homologado-ce-bap-o8x95mm-30-zincado-celo","status":"publish","type":"product","link":"https:\/\/casafreitas.pt\/loja\/produto\/caixa-50-unid-fixacao-homologado-ce-bap-o8x95mm-30-zincado-celo\/","title":{"rendered":"Caixa 50 unid. fixa\u00e7\u00e3o homologado ce bap \u00f88x95mm\/30 zincado celo"},"content":{"rendered":"","protected":false},"excerpt":{"rendered":"<p>Caixa 50 unid. fixa\u00e7\u00e3o homologado ce bap \u00f88x95mm\/30 zincado celo<\/p>\n","protected":false},"featured_media":78978,"comment_status":"open","ping_status":"closed","template":"","meta":[],"product_brand":[],"product_cat":[17517,18004],"product_tag":[],"class_list":{"0":"post-78979","1":"product","2":"type-product","3":"status-publish","4":"has-post-thumbnail","6":"product_cat-ancoras-metalicas-construcao","7":"product_cat-construcao","9":"first","10":"instock","11":"taxable","12":"shipping-taxable","13":"purchasable","14":"product-type-simple"},"_links":{"self":[{"href":"https:\/\/casafreitas.pt\/loja\/wp-json\/wp\/v2\/product\/78979","targetHints":{"allow":["GET"]}}],"collection":[{"href":"https:\/\/casafreitas.pt\/loja\/wp-json\/wp\/v2\/product"}],"about":[{"href":"https:\/\/casafreitas.pt\/loja\/wp-json\/wp\/v2\/types\/product"}],"replies":[{"embeddable":true,"href":"https:\/\/casafreitas.pt\/loja\/wp-json\/wp\/v2\/comments?post=78979"}],"version-history":[{"count":1,"href":"https:\/\/casafreitas.pt\/loja\/wp-json\/wp\/v2\/product\/78979\/revisions"}],"predecessor-version":[{"id":78980,"href":"https:\/\/casafreitas.pt\/loja\/wp-json\/wp\/v2\/product\/78979\/revisions\/78980"}],"wp:featuredmedia":[{"embeddable":true,"href":"https:\/\/casafreitas.pt\/loja\/wp-json\/wp\/v2\/media\/78978"}],"wp:attachment":[{"href":"https:\/\/casafreitas.pt\/loja\/wp-json\/wp\/v2\/media?parent=78979"}],"wp:term":[{"taxonomy":"product_brand","embeddable":true,"href":"https:\/\/casafreitas.pt\/loja\/wp-json\/wp\/v2\/product_brand?post=78979"},{"taxonomy":"product_cat","embeddable":true,"href":"https:\/\/casafreitas.pt\/loja\/wp-json\/wp\/v2\/product_cat?post=78979"},{"taxonomy":"product_tag","embeddable":true,"href":"https:\/\/casafreitas.pt\/loja\/wp-json\/wp\/v2\/product_tag?post=78979"}],"curies":[{"name":"wp","href":"https:\/\/api.w.org\/{rel}","templated":true}]}}