{"id":78727,"date":"2025-09-25T09:41:13","date_gmt":"2025-09-25T09:41:13","guid":{"rendered":"https:\/\/casafreitas.pt\/loja\/produto\/bucha-nylon-duplo-anti-giro-din-ref-nf-o8-x-40-mm-caixa-100-unid\/"},"modified":"2025-10-24T00:40:54","modified_gmt":"2025-10-24T00:40:54","slug":"bucha-nylon-duplo-anti-giro-din-ref-nf-o8-x-40-mm-caixa-100-unid","status":"publish","type":"product","link":"https:\/\/casafreitas.pt\/loja\/produto\/bucha-nylon-duplo-anti-giro-din-ref-nf-o8-x-40-mm-caixa-100-unid\/","title":{"rendered":"Bucha nylon duplo anti-giro din\/ref nf \u00f88 x 40 mm, caixa 100 unid"},"content":{"rendered":"","protected":false},"excerpt":{"rendered":"<p>Caixa 100 unid. bucha nylon duplo anti-giro din\/ref nf \u00f88 x 40 mm. abertura lateral para maior expans\u00e3o. 4 palhetas anti-giro, interior com guia de dire\u00e7\u00e3o no inicio do roscado. adequado para cargas ligeiras e medias<\/p>\n","protected":false},"featured_media":78726,"comment_status":"open","ping_status":"closed","template":"","meta":[],"product_brand":[],"product_cat":[12690,18004],"product_tag":[],"class_list":{"0":"post-78727","1":"product","2":"type-product","3":"status-publish","4":"has-post-thumbnail","6":"product_cat-buchas-de-plastico","7":"product_cat-construcao","9":"first","10":"instock","11":"taxable","12":"shipping-taxable","13":"purchasable","14":"product-type-simple"},"_links":{"self":[{"href":"https:\/\/casafreitas.pt\/loja\/wp-json\/wp\/v2\/product\/78727","targetHints":{"allow":["GET"]}}],"collection":[{"href":"https:\/\/casafreitas.pt\/loja\/wp-json\/wp\/v2\/product"}],"about":[{"href":"https:\/\/casafreitas.pt\/loja\/wp-json\/wp\/v2\/types\/product"}],"replies":[{"embeddable":true,"href":"https:\/\/casafreitas.pt\/loja\/wp-json\/wp\/v2\/comments?post=78727"}],"version-history":[{"count":1,"href":"https:\/\/casafreitas.pt\/loja\/wp-json\/wp\/v2\/product\/78727\/revisions"}],"predecessor-version":[{"id":78728,"href":"https:\/\/casafreitas.pt\/loja\/wp-json\/wp\/v2\/product\/78727\/revisions\/78728"}],"wp:featuredmedia":[{"embeddable":true,"href":"https:\/\/casafreitas.pt\/loja\/wp-json\/wp\/v2\/media\/78726"}],"wp:attachment":[{"href":"https:\/\/casafreitas.pt\/loja\/wp-json\/wp\/v2\/media?parent=78727"}],"wp:term":[{"taxonomy":"product_brand","embeddable":true,"href":"https:\/\/casafreitas.pt\/loja\/wp-json\/wp\/v2\/product_brand?post=78727"},{"taxonomy":"product_cat","embeddable":true,"href":"https:\/\/casafreitas.pt\/loja\/wp-json\/wp\/v2\/product_cat?post=78727"},{"taxonomy":"product_tag","embeddable":true,"href":"https:\/\/casafreitas.pt\/loja\/wp-json\/wp\/v2\/product_tag?post=78727"}],"curies":[{"name":"wp","href":"https:\/\/api.w.org\/{rel}","templated":true}]}}