{"id":78116,"date":"2025-09-24T17:25:54","date_gmt":"2025-09-24T17:25:54","guid":{"rendered":"https:\/\/casafreitas.pt\/loja\/produto\/marreta-com-cabo-fibra-para-trabalhos-demolicao-impacto-vt2004-viat\/"},"modified":"2025-10-24T00:40:23","modified_gmt":"2025-10-24T00:40:23","slug":"marreta-com-cabo-fibra-para-trabalhos-demolicao-impacto-vt2004-viat","status":"publish","type":"product","link":"https:\/\/casafreitas.pt\/loja\/produto\/marreta-com-cabo-fibra-para-trabalhos-demolicao-impacto-vt2004-viat\/","title":{"rendered":"Marreta com cabo de fibra para trabalhos de demoli\u00e7\u00e3o e impacto vt2004 viat"},"content":{"rendered":"","protected":false},"excerpt":{"rendered":"<p>Marreta com cabo de fibra para trabalhos de demoli\u00e7\u00e3o e impacto vt2004 viat. marreta com cabe\u00e7a de a\u00e7o forjado, endurecido nas zonas de impacto, cabo bimaterial com n\u00facleo de fibra de vidro para maior resist\u00eancia e agarre de elastomero, uni\u00e3o c\u00f3nica, para trabalhos de demoli\u00e7\u00e3o e impacto. dimens\u00f5es 158x910x66mm peso 4,5kg<\/p>\n","protected":false},"featured_media":78115,"comment_status":"open","ping_status":"closed","template":"","meta":[],"product_brand":[],"product_cat":[11488,13530],"product_tag":[],"class_list":{"0":"post-78116","1":"product","2":"type-product","3":"status-publish","4":"has-post-thumbnail","6":"product_cat-ferramentas","7":"product_cat-ferramentas-de-impacto-para-metal","9":"first","10":"instock","11":"taxable","12":"shipping-taxable","13":"purchasable","14":"product-type-simple"},"_links":{"self":[{"href":"https:\/\/casafreitas.pt\/loja\/wp-json\/wp\/v2\/product\/78116","targetHints":{"allow":["GET"]}}],"collection":[{"href":"https:\/\/casafreitas.pt\/loja\/wp-json\/wp\/v2\/product"}],"about":[{"href":"https:\/\/casafreitas.pt\/loja\/wp-json\/wp\/v2\/types\/product"}],"replies":[{"embeddable":true,"href":"https:\/\/casafreitas.pt\/loja\/wp-json\/wp\/v2\/comments?post=78116"}],"version-history":[{"count":1,"href":"https:\/\/casafreitas.pt\/loja\/wp-json\/wp\/v2\/product\/78116\/revisions"}],"predecessor-version":[{"id":78117,"href":"https:\/\/casafreitas.pt\/loja\/wp-json\/wp\/v2\/product\/78116\/revisions\/78117"}],"wp:featuredmedia":[{"embeddable":true,"href":"https:\/\/casafreitas.pt\/loja\/wp-json\/wp\/v2\/media\/78115"}],"wp:attachment":[{"href":"https:\/\/casafreitas.pt\/loja\/wp-json\/wp\/v2\/media?parent=78116"}],"wp:term":[{"taxonomy":"product_brand","embeddable":true,"href":"https:\/\/casafreitas.pt\/loja\/wp-json\/wp\/v2\/product_brand?post=78116"},{"taxonomy":"product_cat","embeddable":true,"href":"https:\/\/casafreitas.pt\/loja\/wp-json\/wp\/v2\/product_cat?post=78116"},{"taxonomy":"product_tag","embeddable":true,"href":"https:\/\/casafreitas.pt\/loja\/wp-json\/wp\/v2\/product_tag?post=78116"}],"curies":[{"name":"wp","href":"https:\/\/api.w.org\/{rel}","templated":true}]}}