{"id":77981,"date":"2025-09-24T17:18:52","date_gmt":"2025-09-24T17:18:52","guid":{"rendered":"https:\/\/casafreitas.pt\/loja\/produto\/coletor-metal-zincado-pr05\/"},"modified":"2025-10-24T00:40:18","modified_gmt":"2025-10-24T00:40:18","slug":"coletor-metal-zincado-pr05","status":"publish","type":"product","link":"https:\/\/casafreitas.pt\/loja\/produto\/coletor-metal-zincado-pr05\/","title":{"rendered":"Coletor de metal zincado pr05"},"content":{"rendered":"","protected":false},"excerpt":{"rendered":"<p>Coletor de metal para persianas. mant\u00e9m a fita cega tensa e firme, permitindo assim uma fixa\u00e7\u00e3o segura. feito em a\u00e7o de alta qualidade, o acabamento zincado d\u00e1-lhe um aspecto industrial que ficar\u00e1 escondido uma vez que esta pe\u00e7a est\u00e1 instalada no furo da parede designado para a mesma. 188 x 47 x 110 mm<\/p>\n","protected":false},"featured_media":77980,"comment_status":"open","ping_status":"closed","template":"","meta":[],"product_brand":[],"product_cat":[17720,18003],"product_tag":[],"class_list":{"0":"post-77981","1":"product","2":"type-product","3":"status-publish","4":"has-post-thumbnail","6":"product_cat-placas-pas-casa-e-decoracao","7":"product_cat-casa-decoracao","9":"first","10":"instock","11":"taxable","12":"shipping-taxable","13":"purchasable","14":"product-type-simple"},"_links":{"self":[{"href":"https:\/\/casafreitas.pt\/loja\/wp-json\/wp\/v2\/product\/77981","targetHints":{"allow":["GET"]}}],"collection":[{"href":"https:\/\/casafreitas.pt\/loja\/wp-json\/wp\/v2\/product"}],"about":[{"href":"https:\/\/casafreitas.pt\/loja\/wp-json\/wp\/v2\/types\/product"}],"replies":[{"embeddable":true,"href":"https:\/\/casafreitas.pt\/loja\/wp-json\/wp\/v2\/comments?post=77981"}],"version-history":[{"count":1,"href":"https:\/\/casafreitas.pt\/loja\/wp-json\/wp\/v2\/product\/77981\/revisions"}],"predecessor-version":[{"id":77982,"href":"https:\/\/casafreitas.pt\/loja\/wp-json\/wp\/v2\/product\/77981\/revisions\/77982"}],"wp:featuredmedia":[{"embeddable":true,"href":"https:\/\/casafreitas.pt\/loja\/wp-json\/wp\/v2\/media\/77980"}],"wp:attachment":[{"href":"https:\/\/casafreitas.pt\/loja\/wp-json\/wp\/v2\/media?parent=77981"}],"wp:term":[{"taxonomy":"product_brand","embeddable":true,"href":"https:\/\/casafreitas.pt\/loja\/wp-json\/wp\/v2\/product_brand?post=77981"},{"taxonomy":"product_cat","embeddable":true,"href":"https:\/\/casafreitas.pt\/loja\/wp-json\/wp\/v2\/product_cat?post=77981"},{"taxonomy":"product_tag","embeddable":true,"href":"https:\/\/casafreitas.pt\/loja\/wp-json\/wp\/v2\/product_tag?post=77981"}],"curies":[{"name":"wp","href":"https:\/\/api.w.org\/{rel}","templated":true}]}}