{"id":77237,"date":"2025-09-24T16:40:52","date_gmt":"2025-09-24T16:40:52","guid":{"rendered":"https:\/\/casafreitas.pt\/loja\/produto\/pistola-sopro-g-501\/"},"modified":"2025-11-15T22:03:30","modified_gmt":"2025-11-15T22:03:30","slug":"pistola-sopro-g-501","status":"publish","type":"product","link":"https:\/\/casafreitas.pt\/loja\/produto\/pistola-sopro-g-501\/","title":{"rendered":"Pistola de sopro g-501"},"content":{"rendered":"","protected":false},"excerpt":{"rendered":"<p>Pistola de sopro de ar, de 4 &#8211; 6 bar; 125 l\/m; padr\u00e3o para m\u00faltiplas aplica\u00e7\u00f5es, como remo\u00e7\u00e3o de p\u00f3, secagem e limpeza. carca\u00e7a robusta de alum\u00ednio<\/p>\n","protected":false},"featured_media":77236,"comment_status":"open","ping_status":"closed","template":"","meta":[],"product_brand":[],"product_cat":[11488,17486],"product_tag":[],"class_list":{"0":"post-77237","1":"product","2":"type-product","3":"status-publish","4":"has-post-thumbnail","6":"product_cat-ferramentas","7":"product_cat-pistola-de-ar-comprimido-ferramentas","9":"first","10":"instock","11":"taxable","12":"shipping-taxable","13":"purchasable","14":"product-type-simple"},"_links":{"self":[{"href":"https:\/\/casafreitas.pt\/loja\/wp-json\/wp\/v2\/product\/77237","targetHints":{"allow":["GET"]}}],"collection":[{"href":"https:\/\/casafreitas.pt\/loja\/wp-json\/wp\/v2\/product"}],"about":[{"href":"https:\/\/casafreitas.pt\/loja\/wp-json\/wp\/v2\/types\/product"}],"replies":[{"embeddable":true,"href":"https:\/\/casafreitas.pt\/loja\/wp-json\/wp\/v2\/comments?post=77237"}],"version-history":[{"count":1,"href":"https:\/\/casafreitas.pt\/loja\/wp-json\/wp\/v2\/product\/77237\/revisions"}],"predecessor-version":[{"id":77238,"href":"https:\/\/casafreitas.pt\/loja\/wp-json\/wp\/v2\/product\/77237\/revisions\/77238"}],"wp:featuredmedia":[{"embeddable":true,"href":"https:\/\/casafreitas.pt\/loja\/wp-json\/wp\/v2\/media\/77236"}],"wp:attachment":[{"href":"https:\/\/casafreitas.pt\/loja\/wp-json\/wp\/v2\/media?parent=77237"}],"wp:term":[{"taxonomy":"product_brand","embeddable":true,"href":"https:\/\/casafreitas.pt\/loja\/wp-json\/wp\/v2\/product_brand?post=77237"},{"taxonomy":"product_cat","embeddable":true,"href":"https:\/\/casafreitas.pt\/loja\/wp-json\/wp\/v2\/product_cat?post=77237"},{"taxonomy":"product_tag","embeddable":true,"href":"https:\/\/casafreitas.pt\/loja\/wp-json\/wp\/v2\/product_tag?post=77237"}],"curies":[{"name":"wp","href":"https:\/\/api.w.org\/{rel}","templated":true}]}}