{"id":77180,"date":"2025-09-24T16:30:31","date_gmt":"2025-09-24T16:30:31","guid":{"rendered":"https:\/\/casafreitas.pt\/loja\/produto\/kit-berbequim-aparafusador-bateria\/"},"modified":"2025-10-24T00:39:33","modified_gmt":"2025-10-24T00:39:33","slug":"kit-berbequim-aparafusador-bateria","status":"publish","type":"product","link":"https:\/\/casafreitas.pt\/loja\/produto\/kit-berbequim-aparafusador-bateria\/","title":{"rendered":"Kit berbequim aparafusador a bateria"},"content":{"rendered":"","protected":false},"excerpt":{"rendered":"<p>Estojo com berbequim\/aparafusador sem fio de 14,4 v e 1.500 mah. velocidade vari\u00e1vel de 0 a 700 rpm. 19 n\u00edveis de bin\u00e1rio ajust\u00e1veis (m\u00e1x. 18 nm). pot\u00eancia ajust\u00e1vel, mandril autom\u00e1tico de 10 mm de di\u00e2metro. rota\u00e7\u00e3o esquerda\/direita. luz led para iluminar a \u00e1rea de trabalho. inclui mala de transporte. inclui bateria e carregador<\/p>\n","protected":false},"featured_media":77179,"comment_status":"open","ping_status":"closed","template":"","meta":[],"product_brand":[],"product_cat":[11488,17468],"product_tag":[],"class_list":{"0":"post-77180","1":"product","2":"type-product","3":"status-publish","4":"has-post-thumbnail","6":"product_cat-ferramentas","7":"product_cat-maquinas-de-perfuracao-ferramentas","9":"first","10":"instock","11":"taxable","12":"shipping-taxable","13":"purchasable","14":"product-type-simple"},"_links":{"self":[{"href":"https:\/\/casafreitas.pt\/loja\/wp-json\/wp\/v2\/product\/77180","targetHints":{"allow":["GET"]}}],"collection":[{"href":"https:\/\/casafreitas.pt\/loja\/wp-json\/wp\/v2\/product"}],"about":[{"href":"https:\/\/casafreitas.pt\/loja\/wp-json\/wp\/v2\/types\/product"}],"replies":[{"embeddable":true,"href":"https:\/\/casafreitas.pt\/loja\/wp-json\/wp\/v2\/comments?post=77180"}],"version-history":[{"count":1,"href":"https:\/\/casafreitas.pt\/loja\/wp-json\/wp\/v2\/product\/77180\/revisions"}],"predecessor-version":[{"id":77181,"href":"https:\/\/casafreitas.pt\/loja\/wp-json\/wp\/v2\/product\/77180\/revisions\/77181"}],"wp:featuredmedia":[{"embeddable":true,"href":"https:\/\/casafreitas.pt\/loja\/wp-json\/wp\/v2\/media\/77179"}],"wp:attachment":[{"href":"https:\/\/casafreitas.pt\/loja\/wp-json\/wp\/v2\/media?parent=77180"}],"wp:term":[{"taxonomy":"product_brand","embeddable":true,"href":"https:\/\/casafreitas.pt\/loja\/wp-json\/wp\/v2\/product_brand?post=77180"},{"taxonomy":"product_cat","embeddable":true,"href":"https:\/\/casafreitas.pt\/loja\/wp-json\/wp\/v2\/product_cat?post=77180"},{"taxonomy":"product_tag","embeddable":true,"href":"https:\/\/casafreitas.pt\/loja\/wp-json\/wp\/v2\/product_tag?post=77180"}],"curies":[{"name":"wp","href":"https:\/\/api.w.org\/{rel}","templated":true}]}}