{"id":77054,"date":"2025-09-24T16:23:41","date_gmt":"2025-09-24T16:23:41","guid":{"rendered":"https:\/\/casafreitas.pt\/loja\/produto\/pulseira-magnetica-para-bricolagem-wristool\/"},"modified":"2025-11-21T22:00:53","modified_gmt":"2025-11-21T22:00:53","slug":"pulseira-magnetica-para-bricolagem-wristool","status":"publish","type":"product","link":"https:\/\/casafreitas.pt\/loja\/produto\/pulseira-magnetica-para-bricolagem-wristool\/","title":{"rendered":"Pulseira magn\u00e9tica para bricolagem wristool"},"content":{"rendered":"","protected":false},"excerpt":{"rendered":"<p>Pulseira magn\u00e9tica wristool diy, com 15 poderosos \u00edmans para guardar ferramentas e acess\u00f3rios, como chaves, brocas, parafusos, porcas, etc. permite que deixe as m\u00e3os livres, tendo o que precisa por perto para maior conforto. pode ser utilizada em outros tipos de trabalho, como costura, etc. \u00e9 ergon\u00f3mica, respir\u00e1vel e adapt\u00e1vel, ajusta-se totalmente ao tamanho do pulso gra\u00e7as ao seu fecho de velcro. possui dois bolsos para objectos n\u00e3o met\u00e1licos, como pregos, abra\u00e7adeiras, carret\u00e9is de linha, etc. material: \u00edmans de poli\u00e9ster. ajust\u00e1vel: fecho de velcro respir\u00e1vel adequado para bricolage, costura, etc. medidas aproximadas: 39 x 9,5 x 0,5 cm<\/p>\n","protected":false},"featured_media":77053,"comment_status":"open","ping_status":"closed","template":"","meta":[],"product_brand":[],"product_cat":[15920,11488],"product_tag":[],"class_list":{"0":"post-77054","1":"product","2":"type-product","3":"status-publish","4":"has-post-thumbnail","6":"product_cat-equipamento-de-oficina-ferramentas-244","7":"product_cat-ferramentas","9":"first","10":"instock","11":"taxable","12":"shipping-taxable","13":"purchasable","14":"product-type-simple"},"_links":{"self":[{"href":"https:\/\/casafreitas.pt\/loja\/wp-json\/wp\/v2\/product\/77054","targetHints":{"allow":["GET"]}}],"collection":[{"href":"https:\/\/casafreitas.pt\/loja\/wp-json\/wp\/v2\/product"}],"about":[{"href":"https:\/\/casafreitas.pt\/loja\/wp-json\/wp\/v2\/types\/product"}],"replies":[{"embeddable":true,"href":"https:\/\/casafreitas.pt\/loja\/wp-json\/wp\/v2\/comments?post=77054"}],"version-history":[{"count":1,"href":"https:\/\/casafreitas.pt\/loja\/wp-json\/wp\/v2\/product\/77054\/revisions"}],"predecessor-version":[{"id":77055,"href":"https:\/\/casafreitas.pt\/loja\/wp-json\/wp\/v2\/product\/77054\/revisions\/77055"}],"wp:featuredmedia":[{"embeddable":true,"href":"https:\/\/casafreitas.pt\/loja\/wp-json\/wp\/v2\/media\/77053"}],"wp:attachment":[{"href":"https:\/\/casafreitas.pt\/loja\/wp-json\/wp\/v2\/media?parent=77054"}],"wp:term":[{"taxonomy":"product_brand","embeddable":true,"href":"https:\/\/casafreitas.pt\/loja\/wp-json\/wp\/v2\/product_brand?post=77054"},{"taxonomy":"product_cat","embeddable":true,"href":"https:\/\/casafreitas.pt\/loja\/wp-json\/wp\/v2\/product_cat?post=77054"},{"taxonomy":"product_tag","embeddable":true,"href":"https:\/\/casafreitas.pt\/loja\/wp-json\/wp\/v2\/product_tag?post=77054"}],"curies":[{"name":"wp","href":"https:\/\/api.w.org\/{rel}","templated":true}]}}