{"id":77048,"date":"2025-09-24T16:23:19","date_gmt":"2025-09-24T16:23:19","guid":{"rendered":"https:\/\/casafreitas.pt\/loja\/produto\/elevador-placas-com-gancho-puxar\/"},"modified":"2025-10-24T00:39:24","modified_gmt":"2025-10-24T00:39:24","slug":"elevador-placas-com-gancho-puxar","status":"publish","type":"product","link":"https:\/\/casafreitas.pt\/loja\/produto\/elevador-placas-com-gancho-puxar\/","title":{"rendered":"Elevador de placas com gancho de puxar"},"content":{"rendered":"","protected":false},"excerpt":{"rendered":"<p>Elevador para chapas de gesso cartonado na parede. aplica\u00e7\u00e3o ergon\u00f3mica por opera\u00e7\u00e3o com o p\u00e9. gancho de puxar integrado para unir chapas. feito de metal resistente<\/p>\n","protected":false},"featured_media":77047,"comment_status":"open","ping_status":"closed","template":"","meta":[],"product_brand":[],"product_cat":[15512,11488],"product_tag":[],"class_list":{"0":"post-77048","1":"product","2":"type-product","3":"status-publish","4":"has-post-thumbnail","6":"product_cat-diversos-ferramentas-17","7":"product_cat-ferramentas","9":"first","10":"instock","11":"taxable","12":"shipping-taxable","13":"purchasable","14":"product-type-simple"},"_links":{"self":[{"href":"https:\/\/casafreitas.pt\/loja\/wp-json\/wp\/v2\/product\/77048","targetHints":{"allow":["GET"]}}],"collection":[{"href":"https:\/\/casafreitas.pt\/loja\/wp-json\/wp\/v2\/product"}],"about":[{"href":"https:\/\/casafreitas.pt\/loja\/wp-json\/wp\/v2\/types\/product"}],"replies":[{"embeddable":true,"href":"https:\/\/casafreitas.pt\/loja\/wp-json\/wp\/v2\/comments?post=77048"}],"version-history":[{"count":1,"href":"https:\/\/casafreitas.pt\/loja\/wp-json\/wp\/v2\/product\/77048\/revisions"}],"predecessor-version":[{"id":77049,"href":"https:\/\/casafreitas.pt\/loja\/wp-json\/wp\/v2\/product\/77048\/revisions\/77049"}],"wp:featuredmedia":[{"embeddable":true,"href":"https:\/\/casafreitas.pt\/loja\/wp-json\/wp\/v2\/media\/77047"}],"wp:attachment":[{"href":"https:\/\/casafreitas.pt\/loja\/wp-json\/wp\/v2\/media?parent=77048"}],"wp:term":[{"taxonomy":"product_brand","embeddable":true,"href":"https:\/\/casafreitas.pt\/loja\/wp-json\/wp\/v2\/product_brand?post=77048"},{"taxonomy":"product_cat","embeddable":true,"href":"https:\/\/casafreitas.pt\/loja\/wp-json\/wp\/v2\/product_cat?post=77048"},{"taxonomy":"product_tag","embeddable":true,"href":"https:\/\/casafreitas.pt\/loja\/wp-json\/wp\/v2\/product_tag?post=77048"}],"curies":[{"name":"wp","href":"https:\/\/api.w.org\/{rel}","templated":true}]}}