{"id":77042,"date":"2025-09-24T16:22:59","date_gmt":"2025-09-24T16:22:59","guid":{"rendered":"https:\/\/casafreitas.pt\/loja\/produto\/roda-para-carrinho-mao-o255cm-ref-74749\/"},"modified":"2025-10-24T00:39:23","modified_gmt":"2025-10-24T00:39:23","slug":"roda-para-carrinho-mao-o255cm-ref-74749","status":"publish","type":"product","link":"https:\/\/casafreitas.pt\/loja\/produto\/roda-para-carrinho-mao-o255cm-ref-74749\/","title":{"rendered":"Roda para carrinho de m\u00e3o \u00f825,5cm ref 74749"},"content":{"rendered":"","protected":false},"excerpt":{"rendered":"<p>Roda para carrinho de m\u00e3o \u00f825,5cm. largura da roda 8cm ref. 74749 maci\u00e7a. eixo \u00f820mm<\/p>\n","protected":false},"featured_media":77041,"comment_status":"open","ping_status":"closed","template":"","meta":[],"product_brand":[],"product_cat":[17427,11488],"product_tag":[],"class_list":{"0":"post-77042","1":"product","2":"type-product","3":"status-publish","4":"has-post-thumbnail","6":"product_cat-carrinhos-rodas-ferramentas","7":"product_cat-ferramentas","9":"first","10":"instock","11":"taxable","12":"shipping-taxable","13":"purchasable","14":"product-type-simple"},"_links":{"self":[{"href":"https:\/\/casafreitas.pt\/loja\/wp-json\/wp\/v2\/product\/77042","targetHints":{"allow":["GET"]}}],"collection":[{"href":"https:\/\/casafreitas.pt\/loja\/wp-json\/wp\/v2\/product"}],"about":[{"href":"https:\/\/casafreitas.pt\/loja\/wp-json\/wp\/v2\/types\/product"}],"replies":[{"embeddable":true,"href":"https:\/\/casafreitas.pt\/loja\/wp-json\/wp\/v2\/comments?post=77042"}],"version-history":[{"count":1,"href":"https:\/\/casafreitas.pt\/loja\/wp-json\/wp\/v2\/product\/77042\/revisions"}],"predecessor-version":[{"id":77043,"href":"https:\/\/casafreitas.pt\/loja\/wp-json\/wp\/v2\/product\/77042\/revisions\/77043"}],"wp:featuredmedia":[{"embeddable":true,"href":"https:\/\/casafreitas.pt\/loja\/wp-json\/wp\/v2\/media\/77041"}],"wp:attachment":[{"href":"https:\/\/casafreitas.pt\/loja\/wp-json\/wp\/v2\/media?parent=77042"}],"wp:term":[{"taxonomy":"product_brand","embeddable":true,"href":"https:\/\/casafreitas.pt\/loja\/wp-json\/wp\/v2\/product_brand?post=77042"},{"taxonomy":"product_cat","embeddable":true,"href":"https:\/\/casafreitas.pt\/loja\/wp-json\/wp\/v2\/product_cat?post=77042"},{"taxonomy":"product_tag","embeddable":true,"href":"https:\/\/casafreitas.pt\/loja\/wp-json\/wp\/v2\/product_tag?post=77042"}],"curies":[{"name":"wp","href":"https:\/\/api.w.org\/{rel}","templated":true}]}}