{"id":76895,"date":"2025-09-24T16:15:17","date_gmt":"2025-09-24T16:15:17","guid":{"rendered":"https:\/\/casafreitas.pt\/loja\/produto\/corta-angulos-simples-250x60mm-wuto\/"},"modified":"2025-10-24T00:39:18","modified_gmt":"2025-10-24T00:39:18","slug":"corta-angulos-simples-250x60mm-wuto","status":"publish","type":"product","link":"https:\/\/casafreitas.pt\/loja\/produto\/corta-angulos-simples-250x60mm-wuto\/","title":{"rendered":"Corta \u00e2ngulos simples 250x60mm wuto"},"content":{"rendered":"","protected":false},"excerpt":{"rendered":"<p>Corta \u00e2ngulos simples 250x60mm wuto. de madeira faia. com ranhuras nas paredes que indicam \u00e2ngulos precisos de 45 e 90 graus que servem de guia para efetuar o corte<\/p>\n","protected":false},"featured_media":76894,"comment_status":"open","ping_status":"closed","template":"","meta":[],"product_brand":[],"product_cat":[11488,15646],"product_tag":[],"class_list":{"0":"post-76895","1":"product","2":"type-product","3":"status-publish","4":"has-post-thumbnail","6":"product_cat-ferramentas","7":"product_cat-ferramentas-de-carpintaria-ferramentas","9":"first","10":"instock","11":"taxable","12":"shipping-taxable","13":"purchasable","14":"product-type-simple"},"_links":{"self":[{"href":"https:\/\/casafreitas.pt\/loja\/wp-json\/wp\/v2\/product\/76895","targetHints":{"allow":["GET"]}}],"collection":[{"href":"https:\/\/casafreitas.pt\/loja\/wp-json\/wp\/v2\/product"}],"about":[{"href":"https:\/\/casafreitas.pt\/loja\/wp-json\/wp\/v2\/types\/product"}],"replies":[{"embeddable":true,"href":"https:\/\/casafreitas.pt\/loja\/wp-json\/wp\/v2\/comments?post=76895"}],"version-history":[{"count":1,"href":"https:\/\/casafreitas.pt\/loja\/wp-json\/wp\/v2\/product\/76895\/revisions"}],"predecessor-version":[{"id":76896,"href":"https:\/\/casafreitas.pt\/loja\/wp-json\/wp\/v2\/product\/76895\/revisions\/76896"}],"wp:featuredmedia":[{"embeddable":true,"href":"https:\/\/casafreitas.pt\/loja\/wp-json\/wp\/v2\/media\/76894"}],"wp:attachment":[{"href":"https:\/\/casafreitas.pt\/loja\/wp-json\/wp\/v2\/media?parent=76895"}],"wp:term":[{"taxonomy":"product_brand","embeddable":true,"href":"https:\/\/casafreitas.pt\/loja\/wp-json\/wp\/v2\/product_brand?post=76895"},{"taxonomy":"product_cat","embeddable":true,"href":"https:\/\/casafreitas.pt\/loja\/wp-json\/wp\/v2\/product_cat?post=76895"},{"taxonomy":"product_tag","embeddable":true,"href":"https:\/\/casafreitas.pt\/loja\/wp-json\/wp\/v2\/product_tag?post=76895"}],"curies":[{"name":"wp","href":"https:\/\/api.w.org\/{rel}","templated":true}]}}