{"id":76871,"date":"2025-09-24T16:13:57","date_gmt":"2025-09-24T16:13:57","guid":{"rendered":"https:\/\/casafreitas.pt\/loja\/produto\/tester-voltagem-continuidade-pan-mv-1000ad-1000v-pancontrol\/"},"modified":"2025-10-24T00:39:18","modified_gmt":"2025-10-24T00:39:18","slug":"tester-voltagem-continuidade-pan-mv-1000ad-1000v-pancontrol","status":"publish","type":"product","link":"https:\/\/casafreitas.pt\/loja\/produto\/tester-voltagem-continuidade-pan-mv-1000ad-1000v-pancontrol\/","title":{"rendered":"Tester voltagem e continuidade pan mv-1000ad 1000v pancontrol"},"content":{"rendered":"","protected":false},"excerpt":{"rendered":"<p>Tester voltagem e continuidade pan mv-1000ad 1000v pancontrol. led anal\u00f3gico e ecr\u00e3 lcd digital retro iluminado. ecr\u00e3 de campo girat\u00f3rio de 2 polos. carga comut\u00e1vel para suprimir tens\u00f5es parasitas com o fim de diferencial a tens\u00e3o &#8220;real&#8221; da tens\u00e3o parasita. para baixa tens\u00e3o at\u00e9 24v, verde, para tens\u00f5es perigosas de 50v. vermelho teste dcr de 1 polo com alarme ac\u00fastico. lanterna led, desconex\u00e3o autom\u00e1tica ip65 t\u00fcv gs.<\/p>\n","protected":false},"featured_media":76870,"comment_status":"open","ping_status":"closed","template":"","meta":[],"product_brand":[],"product_cat":[11488,15544],"product_tag":[],"class_list":{"0":"post-76871","1":"product","2":"type-product","3":"status-publish","4":"has-post-thumbnail","6":"product_cat-ferramentas","7":"product_cat-multimetros-testers-ferramentas-48","9":"first","10":"instock","11":"taxable","12":"shipping-taxable","13":"purchasable","14":"product-type-simple"},"_links":{"self":[{"href":"https:\/\/casafreitas.pt\/loja\/wp-json\/wp\/v2\/product\/76871","targetHints":{"allow":["GET"]}}],"collection":[{"href":"https:\/\/casafreitas.pt\/loja\/wp-json\/wp\/v2\/product"}],"about":[{"href":"https:\/\/casafreitas.pt\/loja\/wp-json\/wp\/v2\/types\/product"}],"replies":[{"embeddable":true,"href":"https:\/\/casafreitas.pt\/loja\/wp-json\/wp\/v2\/comments?post=76871"}],"version-history":[{"count":1,"href":"https:\/\/casafreitas.pt\/loja\/wp-json\/wp\/v2\/product\/76871\/revisions"}],"predecessor-version":[{"id":76872,"href":"https:\/\/casafreitas.pt\/loja\/wp-json\/wp\/v2\/product\/76871\/revisions\/76872"}],"wp:featuredmedia":[{"embeddable":true,"href":"https:\/\/casafreitas.pt\/loja\/wp-json\/wp\/v2\/media\/76870"}],"wp:attachment":[{"href":"https:\/\/casafreitas.pt\/loja\/wp-json\/wp\/v2\/media?parent=76871"}],"wp:term":[{"taxonomy":"product_brand","embeddable":true,"href":"https:\/\/casafreitas.pt\/loja\/wp-json\/wp\/v2\/product_brand?post=76871"},{"taxonomy":"product_cat","embeddable":true,"href":"https:\/\/casafreitas.pt\/loja\/wp-json\/wp\/v2\/product_cat?post=76871"},{"taxonomy":"product_tag","embeddable":true,"href":"https:\/\/casafreitas.pt\/loja\/wp-json\/wp\/v2\/product_tag?post=76871"}],"curies":[{"name":"wp","href":"https:\/\/api.w.org\/{rel}","templated":true}]}}