{"id":76868,"date":"2025-09-24T16:13:48","date_gmt":"2025-09-24T16:13:48","guid":{"rendered":"https:\/\/casafreitas.pt\/loja\/produto\/medidor-humidade-para-madeira-materiais-construcao-pancontrol\/"},"modified":"2025-10-24T00:39:18","modified_gmt":"2025-10-24T00:39:18","slug":"medidor-humidade-para-madeira-materiais-construcao-pancontrol","status":"publish","type":"product","link":"https:\/\/casafreitas.pt\/loja\/produto\/medidor-humidade-para-madeira-materiais-construcao-pancontrol\/","title":{"rendered":"Medidor de humidade para madeira e materiais de constru\u00e7\u00e3o pancontrol"},"content":{"rendered":"","protected":false},"excerpt":{"rendered":"<p>Medidor de humidade para madeira e materiais de constru\u00e7\u00e3o pancontrol. indicador lcd grande para madeira e materiais de constru\u00e7\u00e3o com 6-44% e 0,2-2% de humidade. desconex\u00e3o autom\u00e1tica<\/p>\n","protected":false},"featured_media":76867,"comment_status":"open","ping_status":"closed","template":"","meta":[],"product_brand":[],"product_cat":[11488,13759],"product_tag":[],"class_list":{"0":"post-76868","1":"product","2":"type-product","3":"status-publish","4":"has-post-thumbnail","6":"product_cat-ferramentas","7":"product_cat-ferramentas-dispositivos-de-medicao-ferramentas","9":"first","10":"instock","11":"taxable","12":"shipping-taxable","13":"purchasable","14":"product-type-simple"},"_links":{"self":[{"href":"https:\/\/casafreitas.pt\/loja\/wp-json\/wp\/v2\/product\/76868","targetHints":{"allow":["GET"]}}],"collection":[{"href":"https:\/\/casafreitas.pt\/loja\/wp-json\/wp\/v2\/product"}],"about":[{"href":"https:\/\/casafreitas.pt\/loja\/wp-json\/wp\/v2\/types\/product"}],"replies":[{"embeddable":true,"href":"https:\/\/casafreitas.pt\/loja\/wp-json\/wp\/v2\/comments?post=76868"}],"version-history":[{"count":1,"href":"https:\/\/casafreitas.pt\/loja\/wp-json\/wp\/v2\/product\/76868\/revisions"}],"predecessor-version":[{"id":76869,"href":"https:\/\/casafreitas.pt\/loja\/wp-json\/wp\/v2\/product\/76868\/revisions\/76869"}],"wp:featuredmedia":[{"embeddable":true,"href":"https:\/\/casafreitas.pt\/loja\/wp-json\/wp\/v2\/media\/76867"}],"wp:attachment":[{"href":"https:\/\/casafreitas.pt\/loja\/wp-json\/wp\/v2\/media?parent=76868"}],"wp:term":[{"taxonomy":"product_brand","embeddable":true,"href":"https:\/\/casafreitas.pt\/loja\/wp-json\/wp\/v2\/product_brand?post=76868"},{"taxonomy":"product_cat","embeddable":true,"href":"https:\/\/casafreitas.pt\/loja\/wp-json\/wp\/v2\/product_cat?post=76868"},{"taxonomy":"product_tag","embeddable":true,"href":"https:\/\/casafreitas.pt\/loja\/wp-json\/wp\/v2\/product_tag?post=76868"}],"curies":[{"name":"wp","href":"https:\/\/api.w.org\/{rel}","templated":true}]}}