{"id":76862,"date":"2025-09-24T16:13:28","date_gmt":"2025-09-24T16:13:28","guid":{"rendered":"https:\/\/casafreitas.pt\/loja\/produto\/pinca-amperimetrica-digital-ac-pan-200-pancontrol\/"},"modified":"2025-10-24T00:39:17","modified_gmt":"2025-10-24T00:39:17","slug":"pinca-amperimetrica-digital-ac-pan-200-pancontrol","status":"publish","type":"product","link":"https:\/\/casafreitas.pt\/loja\/produto\/pinca-amperimetrica-digital-ac-pan-200-pancontrol\/","title":{"rendered":"Pin\u00e7a amperim\u00e9trica digital ac pan 200+ pancontrol"},"content":{"rendered":"","protected":false},"excerpt":{"rendered":"<p>Pin\u00e7a amperim\u00e9trica digital ac pan 200+ pancontrol. digital inteligente 200a ac. resolu\u00e7\u00e3o 1ma. dete\u00e7\u00e3o de tens\u00e3o sem contacto (ncv). teste de fase de 1 polo com alarme ac\u00fastico. ecr\u00e3 digital 13mm. ilumina\u00e7\u00e3o de fundo. sele\u00e7\u00e3o de faixa autom\u00e1tica. desconex\u00e3o autom\u00e1tica<\/p>\n","protected":false},"featured_media":76861,"comment_status":"open","ping_status":"closed","template":"","meta":[],"product_brand":[],"product_cat":[11488,15544],"product_tag":[],"class_list":{"0":"post-76862","1":"product","2":"type-product","3":"status-publish","4":"has-post-thumbnail","6":"product_cat-ferramentas","7":"product_cat-multimetros-testers-ferramentas-48","9":"first","10":"instock","11":"taxable","12":"shipping-taxable","13":"purchasable","14":"product-type-simple"},"_links":{"self":[{"href":"https:\/\/casafreitas.pt\/loja\/wp-json\/wp\/v2\/product\/76862","targetHints":{"allow":["GET"]}}],"collection":[{"href":"https:\/\/casafreitas.pt\/loja\/wp-json\/wp\/v2\/product"}],"about":[{"href":"https:\/\/casafreitas.pt\/loja\/wp-json\/wp\/v2\/types\/product"}],"replies":[{"embeddable":true,"href":"https:\/\/casafreitas.pt\/loja\/wp-json\/wp\/v2\/comments?post=76862"}],"version-history":[{"count":1,"href":"https:\/\/casafreitas.pt\/loja\/wp-json\/wp\/v2\/product\/76862\/revisions"}],"predecessor-version":[{"id":76863,"href":"https:\/\/casafreitas.pt\/loja\/wp-json\/wp\/v2\/product\/76862\/revisions\/76863"}],"wp:featuredmedia":[{"embeddable":true,"href":"https:\/\/casafreitas.pt\/loja\/wp-json\/wp\/v2\/media\/76861"}],"wp:attachment":[{"href":"https:\/\/casafreitas.pt\/loja\/wp-json\/wp\/v2\/media?parent=76862"}],"wp:term":[{"taxonomy":"product_brand","embeddable":true,"href":"https:\/\/casafreitas.pt\/loja\/wp-json\/wp\/v2\/product_brand?post=76862"},{"taxonomy":"product_cat","embeddable":true,"href":"https:\/\/casafreitas.pt\/loja\/wp-json\/wp\/v2\/product_cat?post=76862"},{"taxonomy":"product_tag","embeddable":true,"href":"https:\/\/casafreitas.pt\/loja\/wp-json\/wp\/v2\/product_tag?post=76862"}],"curies":[{"name":"wp","href":"https:\/\/api.w.org\/{rel}","templated":true}]}}