{"id":76859,"date":"2025-09-24T16:13:19","date_gmt":"2025-09-24T16:13:19","guid":{"rendered":"https:\/\/casafreitas.pt\/loja\/produto\/multimetro-digital-cat-iii-600v-pan-minimeter\/"},"modified":"2025-10-24T00:39:17","modified_gmt":"2025-10-24T00:39:17","slug":"multimetro-digital-cat-iii-600v-pan-minimeter","status":"publish","type":"product","link":"https:\/\/casafreitas.pt\/loja\/produto\/multimetro-digital-cat-iii-600v-pan-minimeter\/","title":{"rendered":"Mult\u00edmetro digital cat iii 600v pan minimeter"},"content":{"rendered":"","protected":false},"excerpt":{"rendered":"<p>Mult\u00edmetro digital cat iii 600v pan minimeter. tester voltagem sem contacto de 2 passos (ncv), teste de fase de 1 polo com alarme ac\u00fastico. ecr\u00e3 digital 21mm. ecr\u00e3 iluminado lanterna led. tester de diodos, desconex\u00e3o autom\u00e1tica<\/p>\n","protected":false},"featured_media":76858,"comment_status":"open","ping_status":"closed","template":"","meta":[],"product_brand":[],"product_cat":[11488,15544],"product_tag":[],"class_list":{"0":"post-76859","1":"product","2":"type-product","3":"status-publish","4":"has-post-thumbnail","6":"product_cat-ferramentas","7":"product_cat-multimetros-testers-ferramentas-48","9":"first","10":"instock","11":"taxable","12":"shipping-taxable","13":"purchasable","14":"product-type-simple"},"_links":{"self":[{"href":"https:\/\/casafreitas.pt\/loja\/wp-json\/wp\/v2\/product\/76859","targetHints":{"allow":["GET"]}}],"collection":[{"href":"https:\/\/casafreitas.pt\/loja\/wp-json\/wp\/v2\/product"}],"about":[{"href":"https:\/\/casafreitas.pt\/loja\/wp-json\/wp\/v2\/types\/product"}],"replies":[{"embeddable":true,"href":"https:\/\/casafreitas.pt\/loja\/wp-json\/wp\/v2\/comments?post=76859"}],"version-history":[{"count":1,"href":"https:\/\/casafreitas.pt\/loja\/wp-json\/wp\/v2\/product\/76859\/revisions"}],"predecessor-version":[{"id":76860,"href":"https:\/\/casafreitas.pt\/loja\/wp-json\/wp\/v2\/product\/76859\/revisions\/76860"}],"wp:featuredmedia":[{"embeddable":true,"href":"https:\/\/casafreitas.pt\/loja\/wp-json\/wp\/v2\/media\/76858"}],"wp:attachment":[{"href":"https:\/\/casafreitas.pt\/loja\/wp-json\/wp\/v2\/media?parent=76859"}],"wp:term":[{"taxonomy":"product_brand","embeddable":true,"href":"https:\/\/casafreitas.pt\/loja\/wp-json\/wp\/v2\/product_brand?post=76859"},{"taxonomy":"product_cat","embeddable":true,"href":"https:\/\/casafreitas.pt\/loja\/wp-json\/wp\/v2\/product_cat?post=76859"},{"taxonomy":"product_tag","embeddable":true,"href":"https:\/\/casafreitas.pt\/loja\/wp-json\/wp\/v2\/product_tag?post=76859"}],"curies":[{"name":"wp","href":"https:\/\/api.w.org\/{rel}","templated":true}]}}