{"id":76847,"date":"2025-09-24T16:12:42","date_gmt":"2025-09-24T16:12:42","guid":{"rendered":"https:\/\/casafreitas.pt\/loja\/produto\/chave-fenda-tester-voltagem-1-polo-pan-2000-pancontrol\/"},"modified":"2025-10-24T00:39:17","modified_gmt":"2025-10-24T00:39:17","slug":"chave-fenda-tester-voltagem-1-polo-pan-2000-pancontrol","status":"publish","type":"product","link":"https:\/\/casafreitas.pt\/loja\/produto\/chave-fenda-tester-voltagem-1-polo-pan-2000-pancontrol\/","title":{"rendered":"Chave de fenda\/tester voltagem de 1 polo pan 2000 pancontrol"},"content":{"rendered":"","protected":false},"excerpt":{"rendered":"<p>Chave de fenda\/tester voltagem de 1 polo pan 2000 pancontrol. tens\u00e3o unipolar e tester de tens\u00e3o cc e ca 12-220v com ecr\u00e3 lcd. tamb\u00e9m \u00e9 adequado para medir dc. teste de tens\u00e3o direto ou indutivo sem contacto. n\u00e3o necessita bateria<\/p>\n","protected":false},"featured_media":76846,"comment_status":"open","ping_status":"closed","template":"","meta":[],"product_brand":[],"product_cat":[11488,15544],"product_tag":[],"class_list":{"0":"post-76847","1":"product","2":"type-product","3":"status-publish","4":"has-post-thumbnail","6":"product_cat-ferramentas","7":"product_cat-multimetros-testers-ferramentas-48","9":"first","10":"instock","11":"taxable","12":"shipping-taxable","13":"purchasable","14":"product-type-simple"},"_links":{"self":[{"href":"https:\/\/casafreitas.pt\/loja\/wp-json\/wp\/v2\/product\/76847","targetHints":{"allow":["GET"]}}],"collection":[{"href":"https:\/\/casafreitas.pt\/loja\/wp-json\/wp\/v2\/product"}],"about":[{"href":"https:\/\/casafreitas.pt\/loja\/wp-json\/wp\/v2\/types\/product"}],"replies":[{"embeddable":true,"href":"https:\/\/casafreitas.pt\/loja\/wp-json\/wp\/v2\/comments?post=76847"}],"version-history":[{"count":1,"href":"https:\/\/casafreitas.pt\/loja\/wp-json\/wp\/v2\/product\/76847\/revisions"}],"predecessor-version":[{"id":76848,"href":"https:\/\/casafreitas.pt\/loja\/wp-json\/wp\/v2\/product\/76847\/revisions\/76848"}],"wp:featuredmedia":[{"embeddable":true,"href":"https:\/\/casafreitas.pt\/loja\/wp-json\/wp\/v2\/media\/76846"}],"wp:attachment":[{"href":"https:\/\/casafreitas.pt\/loja\/wp-json\/wp\/v2\/media?parent=76847"}],"wp:term":[{"taxonomy":"product_brand","embeddable":true,"href":"https:\/\/casafreitas.pt\/loja\/wp-json\/wp\/v2\/product_brand?post=76847"},{"taxonomy":"product_cat","embeddable":true,"href":"https:\/\/casafreitas.pt\/loja\/wp-json\/wp\/v2\/product_cat?post=76847"},{"taxonomy":"product_tag","embeddable":true,"href":"https:\/\/casafreitas.pt\/loja\/wp-json\/wp\/v2\/product_tag?post=76847"}],"curies":[{"name":"wp","href":"https:\/\/api.w.org\/{rel}","templated":true}]}}