{"id":76841,"date":"2025-09-24T16:12:23","date_gmt":"2025-09-24T16:12:23","guid":{"rendered":"https:\/\/casafreitas.pt\/loja\/produto\/pinca-amperimetrica-multifuncoes-400a-ca-mul016-proskit\/"},"modified":"2025-10-24T00:39:16","modified_gmt":"2025-10-24T00:39:16","slug":"pinca-amperimetrica-multifuncoes-400a-ca-mul016-proskit","status":"publish","type":"product","link":"https:\/\/casafreitas.pt\/loja\/produto\/pinca-amperimetrica-multifuncoes-400a-ca-mul016-proskit\/","title":{"rendered":"Pin\u00e7a amperim\u00e9trica multifun\u00e7\u00f5es 400a ca mul016 proskit"},"content":{"rendered":"","protected":false},"excerpt":{"rendered":"<p>Pin\u00e7a amperim\u00e9trica multifun\u00e7\u00f5es 400a ca mul016 proskit. equipamento de acordo com os standards de seguran\u00e7a ce en61010-1, cat ii 600v, port\u00e1til e simples de manusear com uma m\u00e3o, reten\u00e7\u00e3o de dados, modo repouso, modo relativo e autoapagado, abertura m\u00e1xima da pin\u00e7a: 30mm, indicador de bateria fraca, indicador de continuidade mediante apito. acess\u00f3rios estojo, pontas de teste, baterias 3&#215;1,5v aaa (n\u00e3o inclu\u00eddas), cat.ii 600v\/en61010-1, corrente 2a\/20a\/200a\/400aca, fun\u00e7\u00f5es vcc\/vca\/aca\/ohm\/temperatura\/continuidade, som\/diodos, peso 190g (sem baterias), 203x68x33mm, voltagem ca e cc<\/p>\n","protected":false},"featured_media":76840,"comment_status":"open","ping_status":"closed","template":"","meta":[],"product_brand":[],"product_cat":[11488,15544],"product_tag":[],"class_list":{"0":"post-76841","1":"product","2":"type-product","3":"status-publish","4":"has-post-thumbnail","6":"product_cat-ferramentas","7":"product_cat-multimetros-testers-ferramentas-48","9":"first","10":"instock","11":"taxable","12":"shipping-taxable","13":"purchasable","14":"product-type-simple"},"_links":{"self":[{"href":"https:\/\/casafreitas.pt\/loja\/wp-json\/wp\/v2\/product\/76841","targetHints":{"allow":["GET"]}}],"collection":[{"href":"https:\/\/casafreitas.pt\/loja\/wp-json\/wp\/v2\/product"}],"about":[{"href":"https:\/\/casafreitas.pt\/loja\/wp-json\/wp\/v2\/types\/product"}],"replies":[{"embeddable":true,"href":"https:\/\/casafreitas.pt\/loja\/wp-json\/wp\/v2\/comments?post=76841"}],"version-history":[{"count":1,"href":"https:\/\/casafreitas.pt\/loja\/wp-json\/wp\/v2\/product\/76841\/revisions"}],"predecessor-version":[{"id":76842,"href":"https:\/\/casafreitas.pt\/loja\/wp-json\/wp\/v2\/product\/76841\/revisions\/76842"}],"wp:featuredmedia":[{"embeddable":true,"href":"https:\/\/casafreitas.pt\/loja\/wp-json\/wp\/v2\/media\/76840"}],"wp:attachment":[{"href":"https:\/\/casafreitas.pt\/loja\/wp-json\/wp\/v2\/media?parent=76841"}],"wp:term":[{"taxonomy":"product_brand","embeddable":true,"href":"https:\/\/casafreitas.pt\/loja\/wp-json\/wp\/v2\/product_brand?post=76841"},{"taxonomy":"product_cat","embeddable":true,"href":"https:\/\/casafreitas.pt\/loja\/wp-json\/wp\/v2\/product_cat?post=76841"},{"taxonomy":"product_tag","embeddable":true,"href":"https:\/\/casafreitas.pt\/loja\/wp-json\/wp\/v2\/product_tag?post=76841"}],"curies":[{"name":"wp","href":"https:\/\/api.w.org\/{rel}","templated":true}]}}