{"id":76838,"date":"2025-09-24T16:12:15","date_gmt":"2025-09-24T16:12:15","guid":{"rendered":"https:\/\/casafreitas.pt\/loja\/produto\/pinca-amperimetrica-multifuncoes-400a-ca-mul021-nimo\/"},"modified":"2025-10-24T00:39:16","modified_gmt":"2025-10-24T00:39:16","slug":"pinca-amperimetrica-multifuncoes-400a-ca-mul021-nimo","status":"publish","type":"product","link":"https:\/\/casafreitas.pt\/loja\/produto\/pinca-amperimetrica-multifuncoes-400a-ca-mul021-nimo\/","title":{"rendered":"Pin\u00e7a amperim\u00e9trica multifun\u00e7\u00f5es 400a ca mul021 nimo"},"content":{"rendered":"","protected":false},"excerpt":{"rendered":"<p>Pin\u00e7a amperim\u00e9trica multifun\u00e7\u00f5es 400a ca mul021 nimo. 3\/4 d\u00edgitos 3999 contas, melhor precis\u00e3o de 1%, auto rango, prote\u00e7\u00e3o de sobrecarga. fun\u00e7\u00f5es extra: manuten\u00e7\u00e3o de dados, modo standby, indicador de bateria fraca, especifica\u00e7\u00f5es: vcc: 600v +\/-(1,0%+5) vca: 600v +\/-(1,2%+5) aca: 20a +\/-(3,0%+5) 200a-400a +\/-(2,5%+13),resist\u00eancia: 200ohm +\/-(1,2%+2), 200kohm +\/-(1,50%+2) teste de diodo. continuidade com apito em resist\u00eancia menor a 30ohm. acess\u00f3rios: pontas de teste cat.ii 600v, corrente 400aca, fun\u00e7\u00f5es vcc\/vca\/aca\/resist\u00eancia\/continuidade\/diodos, 151,0&#215;70,0x34,0mm<\/p>\n","protected":false},"featured_media":76837,"comment_status":"open","ping_status":"closed","template":"","meta":[],"product_brand":[],"product_cat":[11488,15544],"product_tag":[],"class_list":{"0":"post-76838","1":"product","2":"type-product","3":"status-publish","4":"has-post-thumbnail","6":"product_cat-ferramentas","7":"product_cat-multimetros-testers-ferramentas-48","9":"first","10":"instock","11":"taxable","12":"shipping-taxable","13":"purchasable","14":"product-type-simple"},"_links":{"self":[{"href":"https:\/\/casafreitas.pt\/loja\/wp-json\/wp\/v2\/product\/76838","targetHints":{"allow":["GET"]}}],"collection":[{"href":"https:\/\/casafreitas.pt\/loja\/wp-json\/wp\/v2\/product"}],"about":[{"href":"https:\/\/casafreitas.pt\/loja\/wp-json\/wp\/v2\/types\/product"}],"replies":[{"embeddable":true,"href":"https:\/\/casafreitas.pt\/loja\/wp-json\/wp\/v2\/comments?post=76838"}],"version-history":[{"count":1,"href":"https:\/\/casafreitas.pt\/loja\/wp-json\/wp\/v2\/product\/76838\/revisions"}],"predecessor-version":[{"id":76839,"href":"https:\/\/casafreitas.pt\/loja\/wp-json\/wp\/v2\/product\/76838\/revisions\/76839"}],"wp:featuredmedia":[{"embeddable":true,"href":"https:\/\/casafreitas.pt\/loja\/wp-json\/wp\/v2\/media\/76837"}],"wp:attachment":[{"href":"https:\/\/casafreitas.pt\/loja\/wp-json\/wp\/v2\/media?parent=76838"}],"wp:term":[{"taxonomy":"product_brand","embeddable":true,"href":"https:\/\/casafreitas.pt\/loja\/wp-json\/wp\/v2\/product_brand?post=76838"},{"taxonomy":"product_cat","embeddable":true,"href":"https:\/\/casafreitas.pt\/loja\/wp-json\/wp\/v2\/product_cat?post=76838"},{"taxonomy":"product_tag","embeddable":true,"href":"https:\/\/casafreitas.pt\/loja\/wp-json\/wp\/v2\/product_tag?post=76838"}],"curies":[{"name":"wp","href":"https:\/\/api.w.org\/{rel}","templated":true}]}}