{"id":76832,"date":"2025-09-24T16:11:56","date_gmt":"2025-09-24T16:11:56","guid":{"rendered":"https:\/\/casafreitas.pt\/loja\/produto\/soldador-tipo-lapis-60w-hrv6635-nimo\/"},"modified":"2025-10-24T00:39:16","modified_gmt":"2025-10-24T00:39:16","slug":"soldador-tipo-lapis-60w-hrv6635-nimo","status":"publish","type":"product","link":"https:\/\/casafreitas.pt\/loja\/produto\/soldador-tipo-lapis-60w-hrv6635-nimo\/","title":{"rendered":"Soldador tipo l\u00e1pis 60w hrv6635 nimo"},"content":{"rendered":"","protected":false},"excerpt":{"rendered":"<p>Soldador tipo l\u00e1pis 60w hrv6635 nimo. apto para soldar sem chumbo. suporte n\u00e3o inclu\u00eddo. 220-240v. soldador autonomo. ponta redonda 1,5mm, resist\u00eancia met\u00e1lica 60w, tamanho 220mm, temperatura m\u00e1xima 475\u00b0c+\/-10%<\/p>\n","protected":false},"featured_media":76831,"comment_status":"open","ping_status":"closed","template":"","meta":[],"product_brand":[],"product_cat":[11488,17500],"product_tag":[],"class_list":{"0":"post-76832","1":"product","2":"type-product","3":"status-publish","4":"has-post-thumbnail","6":"product_cat-ferramentas","7":"product_cat-soldadores-ferramentas","9":"first","10":"instock","11":"taxable","12":"shipping-taxable","13":"purchasable","14":"product-type-simple"},"_links":{"self":[{"href":"https:\/\/casafreitas.pt\/loja\/wp-json\/wp\/v2\/product\/76832","targetHints":{"allow":["GET"]}}],"collection":[{"href":"https:\/\/casafreitas.pt\/loja\/wp-json\/wp\/v2\/product"}],"about":[{"href":"https:\/\/casafreitas.pt\/loja\/wp-json\/wp\/v2\/types\/product"}],"replies":[{"embeddable":true,"href":"https:\/\/casafreitas.pt\/loja\/wp-json\/wp\/v2\/comments?post=76832"}],"version-history":[{"count":1,"href":"https:\/\/casafreitas.pt\/loja\/wp-json\/wp\/v2\/product\/76832\/revisions"}],"predecessor-version":[{"id":76833,"href":"https:\/\/casafreitas.pt\/loja\/wp-json\/wp\/v2\/product\/76832\/revisions\/76833"}],"wp:featuredmedia":[{"embeddable":true,"href":"https:\/\/casafreitas.pt\/loja\/wp-json\/wp\/v2\/media\/76831"}],"wp:attachment":[{"href":"https:\/\/casafreitas.pt\/loja\/wp-json\/wp\/v2\/media?parent=76832"}],"wp:term":[{"taxonomy":"product_brand","embeddable":true,"href":"https:\/\/casafreitas.pt\/loja\/wp-json\/wp\/v2\/product_brand?post=76832"},{"taxonomy":"product_cat","embeddable":true,"href":"https:\/\/casafreitas.pt\/loja\/wp-json\/wp\/v2\/product_cat?post=76832"},{"taxonomy":"product_tag","embeddable":true,"href":"https:\/\/casafreitas.pt\/loja\/wp-json\/wp\/v2\/product_tag?post=76832"}],"curies":[{"name":"wp","href":"https:\/\/api.w.org\/{rel}","templated":true}]}}