{"id":76817,"date":"2025-09-24T16:11:09","date_gmt":"2025-09-24T16:11:09","guid":{"rendered":"https:\/\/casafreitas.pt\/loja\/produto\/kit-bricolagem-edm-02106-47007-63113-63112\/"},"modified":"2025-10-24T00:39:15","modified_gmt":"2025-10-24T00:39:15","slug":"kit-bricolagem-edm-02106-47007-63113-63112","status":"publish","type":"product","link":"https:\/\/casafreitas.pt\/loja\/produto\/kit-bricolagem-edm-02106-47007-63113-63112\/","title":{"rendered":"Kit bricolagem edm 02106 + 47007 + 63113 + 63112"},"content":{"rendered":"","protected":false},"excerpt":{"rendered":"<p>Kit bricolagem edm. composto por tester, fita isolante preta de 10m e r\u00e9guas de jun\u00e7\u00e3o 6 e 10mm. ideal para pequenas instala\u00e7\u00f5es<\/p>\n","protected":false},"featured_media":76816,"comment_status":"open","ping_status":"closed","template":"","meta":[],"product_brand":[],"product_cat":[15512,11488],"product_tag":[],"class_list":{"0":"post-76817","1":"product","2":"type-product","3":"status-publish","4":"has-post-thumbnail","6":"product_cat-diversos-ferramentas-17","7":"product_cat-ferramentas","9":"first","10":"instock","11":"taxable","12":"shipping-taxable","13":"purchasable","14":"product-type-simple"},"_links":{"self":[{"href":"https:\/\/casafreitas.pt\/loja\/wp-json\/wp\/v2\/product\/76817","targetHints":{"allow":["GET"]}}],"collection":[{"href":"https:\/\/casafreitas.pt\/loja\/wp-json\/wp\/v2\/product"}],"about":[{"href":"https:\/\/casafreitas.pt\/loja\/wp-json\/wp\/v2\/types\/product"}],"replies":[{"embeddable":true,"href":"https:\/\/casafreitas.pt\/loja\/wp-json\/wp\/v2\/comments?post=76817"}],"version-history":[{"count":1,"href":"https:\/\/casafreitas.pt\/loja\/wp-json\/wp\/v2\/product\/76817\/revisions"}],"predecessor-version":[{"id":76818,"href":"https:\/\/casafreitas.pt\/loja\/wp-json\/wp\/v2\/product\/76817\/revisions\/76818"}],"wp:featuredmedia":[{"embeddable":true,"href":"https:\/\/casafreitas.pt\/loja\/wp-json\/wp\/v2\/media\/76816"}],"wp:attachment":[{"href":"https:\/\/casafreitas.pt\/loja\/wp-json\/wp\/v2\/media?parent=76817"}],"wp:term":[{"taxonomy":"product_brand","embeddable":true,"href":"https:\/\/casafreitas.pt\/loja\/wp-json\/wp\/v2\/product_brand?post=76817"},{"taxonomy":"product_cat","embeddable":true,"href":"https:\/\/casafreitas.pt\/loja\/wp-json\/wp\/v2\/product_cat?post=76817"},{"taxonomy":"product_tag","embeddable":true,"href":"https:\/\/casafreitas.pt\/loja\/wp-json\/wp\/v2\/product_tag?post=76817"}],"curies":[{"name":"wp","href":"https:\/\/api.w.org\/{rel}","templated":true}]}}