{"id":76805,"date":"2025-09-24T16:10:30","date_gmt":"2025-09-24T16:10:30","guid":{"rendered":"https:\/\/casafreitas.pt\/loja\/produto\/grelha-ventilacao-difusor-esmaltado-o100mm-3-discos\/"},"modified":"2025-10-24T00:39:15","modified_gmt":"2025-10-24T00:39:15","slug":"grelha-ventilacao-difusor-esmaltado-o100mm-3-discos","status":"publish","type":"product","link":"https:\/\/casafreitas.pt\/loja\/produto\/grelha-ventilacao-difusor-esmaltado-o100mm-3-discos\/","title":{"rendered":"Grelha de ventila\u00e7\u00e3o difusor esmaltado \u00f8100mm 3 discos"},"content":{"rendered":"","protected":false},"excerpt":{"rendered":"<p>Grelha de ventila\u00e7\u00e3o difusor esmaltado \u00f8100mm (diametro) 3 discos<\/p>\n","protected":false},"featured_media":76804,"comment_status":"open","ping_status":"closed","template":"","meta":[],"product_brand":[],"product_cat":[11488,17513],"product_tag":[],"class_list":{"0":"post-76805","1":"product","2":"type-product","3":"status-publish","4":"has-post-thumbnail","6":"product_cat-ferramentas","7":"product_cat-tubos-extensiveis-defletores-ferramentas","9":"first","10":"instock","11":"taxable","12":"shipping-taxable","13":"purchasable","14":"product-type-simple"},"_links":{"self":[{"href":"https:\/\/casafreitas.pt\/loja\/wp-json\/wp\/v2\/product\/76805","targetHints":{"allow":["GET"]}}],"collection":[{"href":"https:\/\/casafreitas.pt\/loja\/wp-json\/wp\/v2\/product"}],"about":[{"href":"https:\/\/casafreitas.pt\/loja\/wp-json\/wp\/v2\/types\/product"}],"replies":[{"embeddable":true,"href":"https:\/\/casafreitas.pt\/loja\/wp-json\/wp\/v2\/comments?post=76805"}],"version-history":[{"count":1,"href":"https:\/\/casafreitas.pt\/loja\/wp-json\/wp\/v2\/product\/76805\/revisions"}],"predecessor-version":[{"id":76806,"href":"https:\/\/casafreitas.pt\/loja\/wp-json\/wp\/v2\/product\/76805\/revisions\/76806"}],"wp:featuredmedia":[{"embeddable":true,"href":"https:\/\/casafreitas.pt\/loja\/wp-json\/wp\/v2\/media\/76804"}],"wp:attachment":[{"href":"https:\/\/casafreitas.pt\/loja\/wp-json\/wp\/v2\/media?parent=76805"}],"wp:term":[{"taxonomy":"product_brand","embeddable":true,"href":"https:\/\/casafreitas.pt\/loja\/wp-json\/wp\/v2\/product_brand?post=76805"},{"taxonomy":"product_cat","embeddable":true,"href":"https:\/\/casafreitas.pt\/loja\/wp-json\/wp\/v2\/product_cat?post=76805"},{"taxonomy":"product_tag","embeddable":true,"href":"https:\/\/casafreitas.pt\/loja\/wp-json\/wp\/v2\/product_tag?post=76805"}],"curies":[{"name":"wp","href":"https:\/\/api.w.org\/{rel}","templated":true}]}}