{"id":76769,"date":"2025-09-24T13:28:00","date_gmt":"2025-09-24T13:28:00","guid":{"rendered":"https:\/\/casafreitas.pt\/loja\/produto\/conjunto-halteres-extensiveis-19-pecas\/"},"modified":"2025-10-24T00:39:05","modified_gmt":"2025-10-24T00:39:05","slug":"conjunto-halteres-extensiveis-19-pecas","status":"publish","type":"product","link":"https:\/\/casafreitas.pt\/loja\/produto\/conjunto-halteres-extensiveis-19-pecas\/","title":{"rendered":"Conjunto halteres extens\u00edveis 19 pe\u00e7as"},"content":{"rendered":"","protected":false},"excerpt":{"rendered":"<p>Juego de mancuernas extens\u00edvel 19 piezas, 4 x 2 kg + 4 x 1,5 kg + 4 x 1,25 kg, material polietileno, acero e arena de rio<\/p>\n","protected":false},"featured_media":76768,"comment_status":"open","ping_status":"closed","template":"","meta":[],"product_brand":[],"product_cat":[17745,18005],"product_tag":[],"class_list":{"0":"post-76769","1":"product","2":"type-product","3":"status-publish","4":"has-post-thumbnail","6":"product_cat-artigos-fitness-desporto-e-campismo","7":"product_cat-desporto-campismo","9":"first","10":"instock","11":"taxable","12":"shipping-taxable","13":"purchasable","14":"product-type-simple"},"_links":{"self":[{"href":"https:\/\/casafreitas.pt\/loja\/wp-json\/wp\/v2\/product\/76769","targetHints":{"allow":["GET"]}}],"collection":[{"href":"https:\/\/casafreitas.pt\/loja\/wp-json\/wp\/v2\/product"}],"about":[{"href":"https:\/\/casafreitas.pt\/loja\/wp-json\/wp\/v2\/types\/product"}],"replies":[{"embeddable":true,"href":"https:\/\/casafreitas.pt\/loja\/wp-json\/wp\/v2\/comments?post=76769"}],"version-history":[{"count":1,"href":"https:\/\/casafreitas.pt\/loja\/wp-json\/wp\/v2\/product\/76769\/revisions"}],"predecessor-version":[{"id":76770,"href":"https:\/\/casafreitas.pt\/loja\/wp-json\/wp\/v2\/product\/76769\/revisions\/76770"}],"wp:featuredmedia":[{"embeddable":true,"href":"https:\/\/casafreitas.pt\/loja\/wp-json\/wp\/v2\/media\/76768"}],"wp:attachment":[{"href":"https:\/\/casafreitas.pt\/loja\/wp-json\/wp\/v2\/media?parent=76769"}],"wp:term":[{"taxonomy":"product_brand","embeddable":true,"href":"https:\/\/casafreitas.pt\/loja\/wp-json\/wp\/v2\/product_brand?post=76769"},{"taxonomy":"product_cat","embeddable":true,"href":"https:\/\/casafreitas.pt\/loja\/wp-json\/wp\/v2\/product_cat?post=76769"},{"taxonomy":"product_tag","embeddable":true,"href":"https:\/\/casafreitas.pt\/loja\/wp-json\/wp\/v2\/product_tag?post=76769"}],"curies":[{"name":"wp","href":"https:\/\/api.w.org\/{rel}","templated":true}]}}