{"id":76305,"date":"2025-09-24T13:11:34","date_gmt":"2025-09-24T13:11:34","guid":{"rendered":"https:\/\/casafreitas.pt\/loja\/produto\/corda-juta-natural-3-pecas-calibre-14-mm-x-100-m\/"},"modified":"2025-10-24T00:38:50","modified_gmt":"2025-10-24T00:38:50","slug":"corda-juta-natural-3-pecas-calibre-14-mm-x-100-m","status":"publish","type":"product","link":"https:\/\/casafreitas.pt\/loja\/produto\/corda-juta-natural-3-pecas-calibre-14-mm-x-100-m\/","title":{"rendered":"Corda de juta natural de 3 pe\u00e7as calibre 14 mm x 100 m"},"content":{"rendered":"","protected":false},"excerpt":{"rendered":"<p>Corda de juta natural de 3 fios em p. produto 100% ecol\u00f3gico e biodegrad\u00e1vel. produto flex\u00edvel, macio e de boa ader\u00eancia. for\u00e7a do n\u00f3. cord\u00e3o ideal para decora\u00e7\u00e3o, artesanato, agricultura, pecu\u00e1ria, constru\u00e7\u00e3o, pesca, bricolage. resist\u00eancia \u00e0 ruptura: 810 kg, tamanho da bobine \u00f830 x 32 cm, tamanho do furo central \u00f83 cm<\/p>\n","protected":false},"featured_media":76304,"comment_status":"open","ping_status":"closed","template":"","meta":[],"product_brand":[],"product_cat":[17607,18004],"product_tag":[],"class_list":{"0":"post-76305","1":"product","2":"type-product","3":"status-publish","4":"has-post-thumbnail","6":"product_cat-material-natural-construcao","7":"product_cat-construcao","9":"first","10":"instock","11":"taxable","12":"shipping-taxable","13":"purchasable","14":"product-type-simple"},"_links":{"self":[{"href":"https:\/\/casafreitas.pt\/loja\/wp-json\/wp\/v2\/product\/76305","targetHints":{"allow":["GET"]}}],"collection":[{"href":"https:\/\/casafreitas.pt\/loja\/wp-json\/wp\/v2\/product"}],"about":[{"href":"https:\/\/casafreitas.pt\/loja\/wp-json\/wp\/v2\/types\/product"}],"replies":[{"embeddable":true,"href":"https:\/\/casafreitas.pt\/loja\/wp-json\/wp\/v2\/comments?post=76305"}],"version-history":[{"count":1,"href":"https:\/\/casafreitas.pt\/loja\/wp-json\/wp\/v2\/product\/76305\/revisions"}],"predecessor-version":[{"id":76307,"href":"https:\/\/casafreitas.pt\/loja\/wp-json\/wp\/v2\/product\/76305\/revisions\/76307"}],"wp:featuredmedia":[{"embeddable":true,"href":"https:\/\/casafreitas.pt\/loja\/wp-json\/wp\/v2\/media\/76304"}],"wp:attachment":[{"href":"https:\/\/casafreitas.pt\/loja\/wp-json\/wp\/v2\/media?parent=76305"}],"wp:term":[{"taxonomy":"product_brand","embeddable":true,"href":"https:\/\/casafreitas.pt\/loja\/wp-json\/wp\/v2\/product_brand?post=76305"},{"taxonomy":"product_cat","embeddable":true,"href":"https:\/\/casafreitas.pt\/loja\/wp-json\/wp\/v2\/product_cat?post=76305"},{"taxonomy":"product_tag","embeddable":true,"href":"https:\/\/casafreitas.pt\/loja\/wp-json\/wp\/v2\/product_tag?post=76305"}],"curies":[{"name":"wp","href":"https:\/\/api.w.org\/{rel}","templated":true}]}}