{"id":76088,"date":"2025-09-24T13:04:09","date_gmt":"2025-09-24T13:04:09","guid":{"rendered":"https:\/\/casafreitas.pt\/loja\/produto\/corda-trancada-polipropileno-8842-amarelo-calibre-17-mm-x-200-m\/"},"modified":"2025-10-24T00:38:40","modified_gmt":"2025-10-24T00:38:40","slug":"corda-trancada-polipropileno-8842-amarelo-calibre-17-mm-x-200-m","status":"publish","type":"product","link":"https:\/\/casafreitas.pt\/loja\/produto\/corda-trancada-polipropileno-8842-amarelo-calibre-17-mm-x-200-m\/","title":{"rendered":"Corda tran\u00e7ada polipropileno 8842 amarelo, calibre 1,7 mm x 200 m"},"content":{"rendered":"","protected":false},"excerpt":{"rendered":"<p>Corda tran\u00e7ada polipropileno 8842 200m amarelo. \u00f81,7m. composi\u00e7\u00e3o: tran\u00e7ado polipropileno alta tenacidade com prote\u00e7\u00e3o solar. caracter\u00edsticas: suave, flex\u00edvel, boa resist\u00eancia, possui flutuabilidade. absor\u00e7\u00e3o \u00e0 \u00e1gua 0%. utilidades: alvenaria, agricultor, pacotes, manualidades, bricolagem<\/p>\n","protected":false},"featured_media":76087,"comment_status":"open","ping_status":"closed","template":"","meta":[],"product_brand":[],"product_cat":[17609,18004],"product_tag":[],"class_list":{"0":"post-76088","1":"product","2":"type-product","3":"status-publish","4":"has-post-thumbnail","6":"product_cat-material-plastico-rigido-construcao","7":"product_cat-construcao","9":"first","10":"instock","11":"taxable","12":"shipping-taxable","13":"purchasable","14":"product-type-simple"},"_links":{"self":[{"href":"https:\/\/casafreitas.pt\/loja\/wp-json\/wp\/v2\/product\/76088","targetHints":{"allow":["GET"]}}],"collection":[{"href":"https:\/\/casafreitas.pt\/loja\/wp-json\/wp\/v2\/product"}],"about":[{"href":"https:\/\/casafreitas.pt\/loja\/wp-json\/wp\/v2\/types\/product"}],"replies":[{"embeddable":true,"href":"https:\/\/casafreitas.pt\/loja\/wp-json\/wp\/v2\/comments?post=76088"}],"version-history":[{"count":1,"href":"https:\/\/casafreitas.pt\/loja\/wp-json\/wp\/v2\/product\/76088\/revisions"}],"predecessor-version":[{"id":76089,"href":"https:\/\/casafreitas.pt\/loja\/wp-json\/wp\/v2\/product\/76088\/revisions\/76089"}],"wp:featuredmedia":[{"embeddable":true,"href":"https:\/\/casafreitas.pt\/loja\/wp-json\/wp\/v2\/media\/76087"}],"wp:attachment":[{"href":"https:\/\/casafreitas.pt\/loja\/wp-json\/wp\/v2\/media?parent=76088"}],"wp:term":[{"taxonomy":"product_brand","embeddable":true,"href":"https:\/\/casafreitas.pt\/loja\/wp-json\/wp\/v2\/product_brand?post=76088"},{"taxonomy":"product_cat","embeddable":true,"href":"https:\/\/casafreitas.pt\/loja\/wp-json\/wp\/v2\/product_cat?post=76088"},{"taxonomy":"product_tag","embeddable":true,"href":"https:\/\/casafreitas.pt\/loja\/wp-json\/wp\/v2\/product_tag?post=76088"}],"curies":[{"name":"wp","href":"https:\/\/api.w.org\/{rel}","templated":true}]}}