{"id":76019,"date":"2025-09-24T13:01:27","date_gmt":"2025-09-24T13:01:27","guid":{"rendered":"https:\/\/casafreitas.pt\/loja\/produto\/corda-plastica-verde-revestida-pvc-estendal-10-m\/"},"modified":"2025-10-24T00:38:36","modified_gmt":"2025-10-24T00:38:36","slug":"corda-plastica-verde-revestida-pvc-estendal-10-m","status":"publish","type":"product","link":"https:\/\/casafreitas.pt\/loja\/produto\/corda-plastica-verde-revestida-pvc-estendal-10-m\/","title":{"rendered":"Corda pl\u00e1stica verde revestida pvc, estendal 10 m"},"content":{"rendered":"","protected":false},"excerpt":{"rendered":"<p>Corda plastico revestido 10 m verde.composi\u00e7\u00e3o: mono filamento de polietileno torcido 3 cabos. recoberto de pvc. caracteristicas: suave, flexivel, boa resist\u00eancia. pouca elasticidade. facil limpeza.utilidades: estendais exteriores e interiores, camping,nautica, cercados,agricultura,industrial em geral,bricolagem<\/p>\n","protected":false},"featured_media":76018,"comment_status":"open","ping_status":"closed","template":"","meta":[],"product_brand":[],"product_cat":[17609,18004],"product_tag":[],"class_list":{"0":"post-76019","1":"product","2":"type-product","3":"status-publish","4":"has-post-thumbnail","6":"product_cat-material-plastico-rigido-construcao","7":"product_cat-construcao","9":"first","10":"instock","11":"taxable","12":"shipping-taxable","13":"purchasable","14":"product-type-simple"},"_links":{"self":[{"href":"https:\/\/casafreitas.pt\/loja\/wp-json\/wp\/v2\/product\/76019","targetHints":{"allow":["GET"]}}],"collection":[{"href":"https:\/\/casafreitas.pt\/loja\/wp-json\/wp\/v2\/product"}],"about":[{"href":"https:\/\/casafreitas.pt\/loja\/wp-json\/wp\/v2\/types\/product"}],"replies":[{"embeddable":true,"href":"https:\/\/casafreitas.pt\/loja\/wp-json\/wp\/v2\/comments?post=76019"}],"version-history":[{"count":1,"href":"https:\/\/casafreitas.pt\/loja\/wp-json\/wp\/v2\/product\/76019\/revisions"}],"predecessor-version":[{"id":76020,"href":"https:\/\/casafreitas.pt\/loja\/wp-json\/wp\/v2\/product\/76019\/revisions\/76020"}],"wp:featuredmedia":[{"embeddable":true,"href":"https:\/\/casafreitas.pt\/loja\/wp-json\/wp\/v2\/media\/76018"}],"wp:attachment":[{"href":"https:\/\/casafreitas.pt\/loja\/wp-json\/wp\/v2\/media?parent=76019"}],"wp:term":[{"taxonomy":"product_brand","embeddable":true,"href":"https:\/\/casafreitas.pt\/loja\/wp-json\/wp\/v2\/product_brand?post=76019"},{"taxonomy":"product_cat","embeddable":true,"href":"https:\/\/casafreitas.pt\/loja\/wp-json\/wp\/v2\/product_cat?post=76019"},{"taxonomy":"product_tag","embeddable":true,"href":"https:\/\/casafreitas.pt\/loja\/wp-json\/wp\/v2\/product_tag?post=76019"}],"curies":[{"name":"wp","href":"https:\/\/api.w.org\/{rel}","templated":true}]}}