{"id":75923,"date":"2025-09-24T12:57:39","date_gmt":"2025-09-24T12:57:39","guid":{"rendered":"https:\/\/casafreitas.pt\/loja\/produto\/arame-aluminio-preto-calibre-o15-mm-x-5-m\/"},"modified":"2025-10-24T00:38:30","modified_gmt":"2025-10-24T00:38:30","slug":"arame-aluminio-preto-calibre-o15-mm-x-5-m","status":"publish","type":"product","link":"https:\/\/casafreitas.pt\/loja\/produto\/arame-aluminio-preto-calibre-o15-mm-x-5-m\/","title":{"rendered":"Arame de alum\u00ednio preto, calibre \u00f81,5 mm x 5 m"},"content":{"rendered":"","protected":false},"excerpt":{"rendered":"<p>Arame de alum\u00ednio preto, calibre \u00f81,5 mm x 5 m<\/p>\n","protected":false},"featured_media":75922,"comment_status":"open","ping_status":"closed","template":"","meta":[],"product_brand":[],"product_cat":[17566,18004],"product_tag":[],"class_list":{"0":"post-75923","1":"product","2":"type-product","3":"status-publish","4":"has-post-thumbnail","6":"product_cat-fio-de-arame-construcao","7":"product_cat-construcao","9":"first","10":"instock","11":"taxable","12":"shipping-taxable","13":"purchasable","14":"product-type-simple"},"_links":{"self":[{"href":"https:\/\/casafreitas.pt\/loja\/wp-json\/wp\/v2\/product\/75923","targetHints":{"allow":["GET"]}}],"collection":[{"href":"https:\/\/casafreitas.pt\/loja\/wp-json\/wp\/v2\/product"}],"about":[{"href":"https:\/\/casafreitas.pt\/loja\/wp-json\/wp\/v2\/types\/product"}],"replies":[{"embeddable":true,"href":"https:\/\/casafreitas.pt\/loja\/wp-json\/wp\/v2\/comments?post=75923"}],"version-history":[{"count":1,"href":"https:\/\/casafreitas.pt\/loja\/wp-json\/wp\/v2\/product\/75923\/revisions"}],"predecessor-version":[{"id":75924,"href":"https:\/\/casafreitas.pt\/loja\/wp-json\/wp\/v2\/product\/75923\/revisions\/75924"}],"wp:featuredmedia":[{"embeddable":true,"href":"https:\/\/casafreitas.pt\/loja\/wp-json\/wp\/v2\/media\/75922"}],"wp:attachment":[{"href":"https:\/\/casafreitas.pt\/loja\/wp-json\/wp\/v2\/media?parent=75923"}],"wp:term":[{"taxonomy":"product_brand","embeddable":true,"href":"https:\/\/casafreitas.pt\/loja\/wp-json\/wp\/v2\/product_brand?post=75923"},{"taxonomy":"product_cat","embeddable":true,"href":"https:\/\/casafreitas.pt\/loja\/wp-json\/wp\/v2\/product_cat?post=75923"},{"taxonomy":"product_tag","embeddable":true,"href":"https:\/\/casafreitas.pt\/loja\/wp-json\/wp\/v2\/product_tag?post=75923"}],"curies":[{"name":"wp","href":"https:\/\/api.w.org\/{rel}","templated":true}]}}