{"id":75488,"date":"2025-09-24T12:40:33","date_gmt":"2025-09-24T12:40:33","guid":{"rendered":"https:\/\/casafreitas.pt\/loja\/produto\/geranio-cor-branco-rosado-pvc-em-vaso\/"},"modified":"2025-10-24T00:38:09","modified_gmt":"2025-10-24T00:38:09","slug":"geranio-cor-branco-rosado-pvc-em-vaso","status":"publish","type":"product","link":"https:\/\/casafreitas.pt\/loja\/produto\/geranio-cor-branco-rosado-pvc-em-vaso\/","title":{"rendered":"Ger\u00e2nio cor branco rosado pvc em vaso"},"content":{"rendered":"","protected":false},"excerpt":{"rendered":"<p>Ger\u00e2nio cor branco rosado pvc em vaso de plastico cinzento, alta qualidade, efeito natural \u00f811,5x33cm<\/p>\n","protected":false},"featured_media":75487,"comment_status":"open","ping_status":"closed","template":"","meta":[],"product_brand":[],"product_cat":[17721,18003],"product_tag":[],"class_list":{"0":"post-75488","1":"product","2":"type-product","3":"status-publish","4":"has-post-thumbnail","6":"product_cat-plantas-artificiais-casa-e-decoracao","7":"product_cat-casa-decoracao","9":"first","10":"instock","11":"taxable","12":"shipping-taxable","13":"purchasable","14":"product-type-simple"},"_links":{"self":[{"href":"https:\/\/casafreitas.pt\/loja\/wp-json\/wp\/v2\/product\/75488","targetHints":{"allow":["GET"]}}],"collection":[{"href":"https:\/\/casafreitas.pt\/loja\/wp-json\/wp\/v2\/product"}],"about":[{"href":"https:\/\/casafreitas.pt\/loja\/wp-json\/wp\/v2\/types\/product"}],"replies":[{"embeddable":true,"href":"https:\/\/casafreitas.pt\/loja\/wp-json\/wp\/v2\/comments?post=75488"}],"version-history":[{"count":1,"href":"https:\/\/casafreitas.pt\/loja\/wp-json\/wp\/v2\/product\/75488\/revisions"}],"predecessor-version":[{"id":75489,"href":"https:\/\/casafreitas.pt\/loja\/wp-json\/wp\/v2\/product\/75488\/revisions\/75489"}],"wp:featuredmedia":[{"embeddable":true,"href":"https:\/\/casafreitas.pt\/loja\/wp-json\/wp\/v2\/media\/75487"}],"wp:attachment":[{"href":"https:\/\/casafreitas.pt\/loja\/wp-json\/wp\/v2\/media?parent=75488"}],"wp:term":[{"taxonomy":"product_brand","embeddable":true,"href":"https:\/\/casafreitas.pt\/loja\/wp-json\/wp\/v2\/product_brand?post=75488"},{"taxonomy":"product_cat","embeddable":true,"href":"https:\/\/casafreitas.pt\/loja\/wp-json\/wp\/v2\/product_cat?post=75488"},{"taxonomy":"product_tag","embeddable":true,"href":"https:\/\/casafreitas.pt\/loja\/wp-json\/wp\/v2\/product_tag?post=75488"}],"curies":[{"name":"wp","href":"https:\/\/api.w.org\/{rel}","templated":true}]}}