{"id":75434,"date":"2025-09-24T12:38:23","date_gmt":"2025-09-24T12:38:23","guid":{"rendered":"https:\/\/casafreitas.pt\/loja\/produto\/tubo-lanca-agua-20cm-cores-sortidas\/"},"modified":"2025-10-24T00:38:07","modified_gmt":"2025-10-24T00:38:07","slug":"tubo-lanca-agua-20cm-cores-sortidas","status":"publish","type":"product","link":"https:\/\/casafreitas.pt\/loja\/produto\/tubo-lanca-agua-20cm-cores-sortidas\/","title":{"rendered":"Tubo lan\u00e7a \u00e1gua 20cm cores sortidas"},"content":{"rendered":"","protected":false},"excerpt":{"rendered":"<p>Tubo lan\u00e7a \u00e1gua 20cm cores sortidas<\/p>\n","protected":false},"featured_media":75433,"comment_status":"open","ping_status":"closed","template":"","meta":[],"product_brand":[],"product_cat":[17760,18005],"product_tag":[],"class_list":{"0":"post-75434","1":"product","2":"type-product","3":"status-publish","4":"has-post-thumbnail","6":"product_cat-jogos-de-agua-desporto-e-campismo","7":"product_cat-desporto-campismo","9":"first","10":"instock","11":"taxable","12":"shipping-taxable","13":"purchasable","14":"product-type-simple"},"_links":{"self":[{"href":"https:\/\/casafreitas.pt\/loja\/wp-json\/wp\/v2\/product\/75434","targetHints":{"allow":["GET"]}}],"collection":[{"href":"https:\/\/casafreitas.pt\/loja\/wp-json\/wp\/v2\/product"}],"about":[{"href":"https:\/\/casafreitas.pt\/loja\/wp-json\/wp\/v2\/types\/product"}],"replies":[{"embeddable":true,"href":"https:\/\/casafreitas.pt\/loja\/wp-json\/wp\/v2\/comments?post=75434"}],"version-history":[{"count":1,"href":"https:\/\/casafreitas.pt\/loja\/wp-json\/wp\/v2\/product\/75434\/revisions"}],"predecessor-version":[{"id":75435,"href":"https:\/\/casafreitas.pt\/loja\/wp-json\/wp\/v2\/product\/75434\/revisions\/75435"}],"wp:featuredmedia":[{"embeddable":true,"href":"https:\/\/casafreitas.pt\/loja\/wp-json\/wp\/v2\/media\/75433"}],"wp:attachment":[{"href":"https:\/\/casafreitas.pt\/loja\/wp-json\/wp\/v2\/media?parent=75434"}],"wp:term":[{"taxonomy":"product_brand","embeddable":true,"href":"https:\/\/casafreitas.pt\/loja\/wp-json\/wp\/v2\/product_brand?post=75434"},{"taxonomy":"product_cat","embeddable":true,"href":"https:\/\/casafreitas.pt\/loja\/wp-json\/wp\/v2\/product_cat?post=75434"},{"taxonomy":"product_tag","embeddable":true,"href":"https:\/\/casafreitas.pt\/loja\/wp-json\/wp\/v2\/product_tag?post=75434"}],"curies":[{"name":"wp","href":"https:\/\/api.w.org\/{rel}","templated":true}]}}