{"id":75380,"date":"2025-09-24T12:36:13","date_gmt":"2025-09-24T12:36:13","guid":{"rendered":"https:\/\/casafreitas.pt\/loja\/produto\/nova-maquina-cafe-expresso-vitro-aluminio-nao-adequada-para-inducao-1-chavena\/"},"modified":"2025-10-24T00:38:04","modified_gmt":"2025-10-24T00:38:04","slug":"nova-maquina-cafe-expresso-vitro-aluminio-nao-adequada-para-inducao-1-chavena","status":"publish","type":"product","link":"https:\/\/casafreitas.pt\/loja\/produto\/nova-maquina-cafe-expresso-vitro-aluminio-nao-adequada-para-inducao-1-chavena\/","title":{"rendered":"Nova m\u00e1quina de caf\u00e9 expresso vitro de alum\u00ednio n\u00e3o adequada para indu\u00e7\u00e3o, 1 ch\u00e1vena"},"content":{"rendered":"","protected":false},"excerpt":{"rendered":"<p>Cafeteira em alum\u00ednio n\u00e3o adequada para indu\u00e7\u00e3o, 1 ch\u00e1vena. possui 14 lados, tanto na parte superior como na base, o que permite que suporte melhor a press\u00e3o do interior. puxador e man\u00edpulo em baquelite<\/p>\n","protected":false},"featured_media":75379,"comment_status":"open","ping_status":"closed","template":"","meta":[],"product_brand":[],"product_cat":[16784,8800],"product_tag":[],"class_list":{"0":"post-75380","1":"product","2":"type-product","3":"status-publish","4":"has-post-thumbnail","6":"product_cat-cafeteiras-bules-pequenos-domesticos-55","7":"product_cat-pequenos-domesticos","9":"first","10":"instock","11":"taxable","12":"shipping-taxable","13":"purchasable","14":"product-type-simple"},"_links":{"self":[{"href":"https:\/\/casafreitas.pt\/loja\/wp-json\/wp\/v2\/product\/75380","targetHints":{"allow":["GET"]}}],"collection":[{"href":"https:\/\/casafreitas.pt\/loja\/wp-json\/wp\/v2\/product"}],"about":[{"href":"https:\/\/casafreitas.pt\/loja\/wp-json\/wp\/v2\/types\/product"}],"replies":[{"embeddable":true,"href":"https:\/\/casafreitas.pt\/loja\/wp-json\/wp\/v2\/comments?post=75380"}],"version-history":[{"count":1,"href":"https:\/\/casafreitas.pt\/loja\/wp-json\/wp\/v2\/product\/75380\/revisions"}],"predecessor-version":[{"id":75381,"href":"https:\/\/casafreitas.pt\/loja\/wp-json\/wp\/v2\/product\/75380\/revisions\/75381"}],"wp:featuredmedia":[{"embeddable":true,"href":"https:\/\/casafreitas.pt\/loja\/wp-json\/wp\/v2\/media\/75379"}],"wp:attachment":[{"href":"https:\/\/casafreitas.pt\/loja\/wp-json\/wp\/v2\/media?parent=75380"}],"wp:term":[{"taxonomy":"product_brand","embeddable":true,"href":"https:\/\/casafreitas.pt\/loja\/wp-json\/wp\/v2\/product_brand?post=75380"},{"taxonomy":"product_cat","embeddable":true,"href":"https:\/\/casafreitas.pt\/loja\/wp-json\/wp\/v2\/product_cat?post=75380"},{"taxonomy":"product_tag","embeddable":true,"href":"https:\/\/casafreitas.pt\/loja\/wp-json\/wp\/v2\/product_tag?post=75380"}],"curies":[{"name":"wp","href":"https:\/\/api.w.org\/{rel}","templated":true}]}}