{"id":75245,"date":"2025-09-24T12:31:08","date_gmt":"2025-09-24T12:31:08","guid":{"rendered":"https:\/\/casafreitas.pt\/loja\/produto\/panela-optimax-tampa-vermelha-aco-aisi-430-fagor-o20x10cm\/"},"modified":"2025-10-24T00:37:50","modified_gmt":"2025-10-24T00:37:50","slug":"panela-optimax-tampa-vermelha-aco-aisi-430-fagor-o20x10cm","status":"publish","type":"product","link":"https:\/\/casafreitas.pt\/loja\/produto\/panela-optimax-tampa-vermelha-aco-aisi-430-fagor-o20x10cm\/","title":{"rendered":"Panela optimax + tampa vermelha a\u00e7o aisi 430 fagor \u00f820x10cm"},"content":{"rendered":"","protected":false},"excerpt":{"rendered":"<p>Panela optimax + tampa \u00f820cm vermelha a\u00e7o aisi 430. a\u00e7o esmaltado. alta espessura de a\u00e7o com 5 camadas de cobertura. antiaderente de dupla camada xylan plus. cerquilho de a\u00e7o inoxid\u00e1vel. al\u00e7as ergon\u00f4micas de baquelite termo isolante. tampas de vidro termo resistente com cerquilho de a\u00e7o inoxid\u00e1vel e chamin\u00e9. livre de cadmio e pfoa. 0,0% metais pesados. apto para todo tipo de cozinhas. apto para forno. fagor \u00f820x10cm (diametro\/altura)<\/p>\n","protected":false},"featured_media":75244,"comment_status":"open","ping_status":"closed","template":"","meta":[],"product_brand":[],"product_cat":[13520,8800],"product_tag":[],"class_list":{"0":"post-75245","1":"product","2":"type-product","3":"status-publish","4":"has-post-thumbnail","6":"product_cat-panelas","7":"product_cat-pequenos-domesticos","9":"first","10":"instock","11":"taxable","12":"shipping-taxable","13":"purchasable","14":"product-type-simple"},"_links":{"self":[{"href":"https:\/\/casafreitas.pt\/loja\/wp-json\/wp\/v2\/product\/75245","targetHints":{"allow":["GET"]}}],"collection":[{"href":"https:\/\/casafreitas.pt\/loja\/wp-json\/wp\/v2\/product"}],"about":[{"href":"https:\/\/casafreitas.pt\/loja\/wp-json\/wp\/v2\/types\/product"}],"replies":[{"embeddable":true,"href":"https:\/\/casafreitas.pt\/loja\/wp-json\/wp\/v2\/comments?post=75245"}],"version-history":[{"count":1,"href":"https:\/\/casafreitas.pt\/loja\/wp-json\/wp\/v2\/product\/75245\/revisions"}],"predecessor-version":[{"id":75246,"href":"https:\/\/casafreitas.pt\/loja\/wp-json\/wp\/v2\/product\/75245\/revisions\/75246"}],"wp:featuredmedia":[{"embeddable":true,"href":"https:\/\/casafreitas.pt\/loja\/wp-json\/wp\/v2\/media\/75244"}],"wp:attachment":[{"href":"https:\/\/casafreitas.pt\/loja\/wp-json\/wp\/v2\/media?parent=75245"}],"wp:term":[{"taxonomy":"product_brand","embeddable":true,"href":"https:\/\/casafreitas.pt\/loja\/wp-json\/wp\/v2\/product_brand?post=75245"},{"taxonomy":"product_cat","embeddable":true,"href":"https:\/\/casafreitas.pt\/loja\/wp-json\/wp\/v2\/product_cat?post=75245"},{"taxonomy":"product_tag","embeddable":true,"href":"https:\/\/casafreitas.pt\/loja\/wp-json\/wp\/v2\/product_tag?post=75245"}],"curies":[{"name":"wp","href":"https:\/\/api.w.org\/{rel}","templated":true}]}}