{"id":74658,"date":"2025-09-24T12:02:56","date_gmt":"2025-09-24T12:02:56","guid":{"rendered":"https:\/\/casafreitas.pt\/loja\/produto\/pan-saver-38-cm-modelos-sortidos-3-pecas\/"},"modified":"2025-10-24T00:37:00","modified_gmt":"2025-10-24T00:37:00","slug":"pan-saver-38-cm-modelos-sortidos-3-pecas","status":"publish","type":"product","link":"https:\/\/casafreitas.pt\/loja\/produto\/pan-saver-38-cm-modelos-sortidos-3-pecas\/","title":{"rendered":"Pan saver, 38 cm, modelos sortidos, 3 pe\u00e7as"},"content":{"rendered":"","protected":false},"excerpt":{"rendered":"<p>Protetor de panela 38 cm. modelos variados. protege as panelas de poss\u00edveis danos. n\u00e3o coloque panela quente no pan saver, 3 pe\u00e7as<\/p>\n","protected":false},"featured_media":74657,"comment_status":"open","ping_status":"closed","template":"","meta":[],"product_brand":[],"product_cat":[15205,8800],"product_tag":[],"class_list":{"0":"post-74658","1":"product","2":"type-product","3":"status-publish","4":"has-post-thumbnail","6":"product_cat-diversos-pequenos-domesticos","7":"product_cat-pequenos-domesticos","9":"first","10":"instock","11":"taxable","12":"shipping-taxable","13":"purchasable","14":"product-type-simple"},"_links":{"self":[{"href":"https:\/\/casafreitas.pt\/loja\/wp-json\/wp\/v2\/product\/74658","targetHints":{"allow":["GET"]}}],"collection":[{"href":"https:\/\/casafreitas.pt\/loja\/wp-json\/wp\/v2\/product"}],"about":[{"href":"https:\/\/casafreitas.pt\/loja\/wp-json\/wp\/v2\/types\/product"}],"replies":[{"embeddable":true,"href":"https:\/\/casafreitas.pt\/loja\/wp-json\/wp\/v2\/comments?post=74658"}],"version-history":[{"count":1,"href":"https:\/\/casafreitas.pt\/loja\/wp-json\/wp\/v2\/product\/74658\/revisions"}],"predecessor-version":[{"id":74659,"href":"https:\/\/casafreitas.pt\/loja\/wp-json\/wp\/v2\/product\/74658\/revisions\/74659"}],"wp:featuredmedia":[{"embeddable":true,"href":"https:\/\/casafreitas.pt\/loja\/wp-json\/wp\/v2\/media\/74657"}],"wp:attachment":[{"href":"https:\/\/casafreitas.pt\/loja\/wp-json\/wp\/v2\/media?parent=74658"}],"wp:term":[{"taxonomy":"product_brand","embeddable":true,"href":"https:\/\/casafreitas.pt\/loja\/wp-json\/wp\/v2\/product_brand?post=74658"},{"taxonomy":"product_cat","embeddable":true,"href":"https:\/\/casafreitas.pt\/loja\/wp-json\/wp\/v2\/product_cat?post=74658"},{"taxonomy":"product_tag","embeddable":true,"href":"https:\/\/casafreitas.pt\/loja\/wp-json\/wp\/v2\/product_tag?post=74658"}],"curies":[{"name":"wp","href":"https:\/\/api.w.org\/{rel}","templated":true}]}}