{"id":74622,"date":"2025-09-24T12:01:30","date_gmt":"2025-09-24T12:01:30","guid":{"rendered":"https:\/\/casafreitas.pt\/loja\/produto\/okfuego-tronco-ecologico\/"},"modified":"2025-10-24T00:36:59","modified_gmt":"2025-10-24T00:36:59","slug":"okfuego-tronco-ecologico","status":"publish","type":"product","link":"https:\/\/casafreitas.pt\/loja\/produto\/okfuego-tronco-ecologico\/","title":{"rendered":"Okfuego tronco ecol\u00f3gico"},"content":{"rendered":"","protected":false},"excerpt":{"rendered":"<p>O tronco ecol\u00f3gico \u00e9 ideal para fog\u00f5es e lareiras, proporcionando de forma c\u00f4moda, f\u00e1cil e limpa chamas durante duas horas. por ser fabricado com materiais naturais (aparas de madeira, parafina e resinas), produz menos odor e fumo<\/p>\n","protected":false},"featured_media":74621,"comment_status":"open","ping_status":"closed","template":"","meta":[],"product_brand":[],"product_cat":[17845,18009],"product_tag":[12401],"class_list":{"0":"post-74622","1":"product","2":"type-product","3":"status-publish","4":"has-post-thumbnail","6":"product_cat-ligado-jardim-e-espaco-exterior","7":"product_cat-jardim-espaco-exterior","8":"product_tag-flower","10":"first","11":"instock","12":"taxable","13":"shipping-taxable","14":"purchasable","15":"product-type-simple"},"_links":{"self":[{"href":"https:\/\/casafreitas.pt\/loja\/wp-json\/wp\/v2\/product\/74622","targetHints":{"allow":["GET"]}}],"collection":[{"href":"https:\/\/casafreitas.pt\/loja\/wp-json\/wp\/v2\/product"}],"about":[{"href":"https:\/\/casafreitas.pt\/loja\/wp-json\/wp\/v2\/types\/product"}],"replies":[{"embeddable":true,"href":"https:\/\/casafreitas.pt\/loja\/wp-json\/wp\/v2\/comments?post=74622"}],"version-history":[{"count":1,"href":"https:\/\/casafreitas.pt\/loja\/wp-json\/wp\/v2\/product\/74622\/revisions"}],"predecessor-version":[{"id":74623,"href":"https:\/\/casafreitas.pt\/loja\/wp-json\/wp\/v2\/product\/74622\/revisions\/74623"}],"wp:featuredmedia":[{"embeddable":true,"href":"https:\/\/casafreitas.pt\/loja\/wp-json\/wp\/v2\/media\/74621"}],"wp:attachment":[{"href":"https:\/\/casafreitas.pt\/loja\/wp-json\/wp\/v2\/media?parent=74622"}],"wp:term":[{"taxonomy":"product_brand","embeddable":true,"href":"https:\/\/casafreitas.pt\/loja\/wp-json\/wp\/v2\/product_brand?post=74622"},{"taxonomy":"product_cat","embeddable":true,"href":"https:\/\/casafreitas.pt\/loja\/wp-json\/wp\/v2\/product_cat?post=74622"},{"taxonomy":"product_tag","embeddable":true,"href":"https:\/\/casafreitas.pt\/loja\/wp-json\/wp\/v2\/product_tag?post=74622"}],"curies":[{"name":"wp","href":"https:\/\/api.w.org\/{rel}","templated":true}]}}