{"id":74493,"date":"2025-09-24T11:52:44","date_gmt":"2025-09-24T11:52:44","guid":{"rendered":"https:\/\/casafreitas.pt\/loja\/produto\/churrasqueira-zinco-modelo-barril-o27cm-bbq\/"},"modified":"2025-10-24T00:36:51","modified_gmt":"2025-10-24T00:36:51","slug":"churrasqueira-zinco-modelo-barril-o27cm-bbq","status":"publish","type":"product","link":"https:\/\/casafreitas.pt\/loja\/produto\/churrasqueira-zinco-modelo-barril-o27cm-bbq\/","title":{"rendered":"Churrasqueira de zinco modelo barril \u00f827cm bbq"},"content":{"rendered":"","protected":false},"excerpt":{"rendered":"<p>Churrasqueira zinco barril. com grelha de \u00f827cm. modelo balde com al\u00e7a. grelha cromada. 3 p\u00e9s dobr\u00e1veis cromados. diametro inferior 17cm. peso do produto 1463g bbq<\/p>\n","protected":false},"featured_media":74492,"comment_status":"open","ping_status":"closed","template":"","meta":[],"product_brand":[],"product_cat":[17829,18009],"product_tag":[],"class_list":{"0":"post-74493","1":"product","2":"type-product","3":"status-publish","4":"has-post-thumbnail","6":"product_cat-churrasqueiras-jardim-e-espaco-exterior","7":"product_cat-jardim-espaco-exterior","9":"first","10":"instock","11":"taxable","12":"shipping-taxable","13":"purchasable","14":"product-type-simple"},"_links":{"self":[{"href":"https:\/\/casafreitas.pt\/loja\/wp-json\/wp\/v2\/product\/74493","targetHints":{"allow":["GET"]}}],"collection":[{"href":"https:\/\/casafreitas.pt\/loja\/wp-json\/wp\/v2\/product"}],"about":[{"href":"https:\/\/casafreitas.pt\/loja\/wp-json\/wp\/v2\/types\/product"}],"replies":[{"embeddable":true,"href":"https:\/\/casafreitas.pt\/loja\/wp-json\/wp\/v2\/comments?post=74493"}],"version-history":[{"count":1,"href":"https:\/\/casafreitas.pt\/loja\/wp-json\/wp\/v2\/product\/74493\/revisions"}],"predecessor-version":[{"id":74494,"href":"https:\/\/casafreitas.pt\/loja\/wp-json\/wp\/v2\/product\/74493\/revisions\/74494"}],"wp:featuredmedia":[{"embeddable":true,"href":"https:\/\/casafreitas.pt\/loja\/wp-json\/wp\/v2\/media\/74492"}],"wp:attachment":[{"href":"https:\/\/casafreitas.pt\/loja\/wp-json\/wp\/v2\/media?parent=74493"}],"wp:term":[{"taxonomy":"product_brand","embeddable":true,"href":"https:\/\/casafreitas.pt\/loja\/wp-json\/wp\/v2\/product_brand?post=74493"},{"taxonomy":"product_cat","embeddable":true,"href":"https:\/\/casafreitas.pt\/loja\/wp-json\/wp\/v2\/product_cat?post=74493"},{"taxonomy":"product_tag","embeddable":true,"href":"https:\/\/casafreitas.pt\/loja\/wp-json\/wp\/v2\/product_tag?post=74493"}],"curies":[{"name":"wp","href":"https:\/\/api.w.org\/{rel}","templated":true}]}}