{"id":74472,"date":"2025-09-24T11:51:46","date_gmt":"2025-09-24T11:51:46","guid":{"rendered":"https:\/\/casafreitas.pt\/loja\/produto\/fumeiro-portatil-aco-inoxidavel-45x24x10cm-vaggan\/"},"modified":"2025-10-24T00:36:50","modified_gmt":"2025-10-24T00:36:50","slug":"fumeiro-portatil-aco-inoxidavel-45x24x10cm-vaggan","status":"publish","type":"product","link":"https:\/\/casafreitas.pt\/loja\/produto\/fumeiro-portatil-aco-inoxidavel-45x24x10cm-vaggan\/","title":{"rendered":"Fumeiro port\u00e1til de a\u00e7o inoxidavel 45x24x10cm vaggan"},"content":{"rendered":"","protected":false},"excerpt":{"rendered":"<p>Fumeiro port\u00e1til de a\u00e7o inoxidavel 45x24x10cm (largura\/profundidade\/altura) vaggan<\/p>\n","protected":false},"featured_media":74471,"comment_status":"open","ping_status":"closed","template":"","meta":[],"product_brand":[],"product_cat":[15205,8800],"product_tag":[],"class_list":{"0":"post-74472","1":"product","2":"type-product","3":"status-publish","4":"has-post-thumbnail","6":"product_cat-diversos-pequenos-domesticos","7":"product_cat-pequenos-domesticos","9":"first","10":"instock","11":"taxable","12":"shipping-taxable","13":"purchasable","14":"product-type-simple"},"_links":{"self":[{"href":"https:\/\/casafreitas.pt\/loja\/wp-json\/wp\/v2\/product\/74472","targetHints":{"allow":["GET"]}}],"collection":[{"href":"https:\/\/casafreitas.pt\/loja\/wp-json\/wp\/v2\/product"}],"about":[{"href":"https:\/\/casafreitas.pt\/loja\/wp-json\/wp\/v2\/types\/product"}],"replies":[{"embeddable":true,"href":"https:\/\/casafreitas.pt\/loja\/wp-json\/wp\/v2\/comments?post=74472"}],"version-history":[{"count":1,"href":"https:\/\/casafreitas.pt\/loja\/wp-json\/wp\/v2\/product\/74472\/revisions"}],"predecessor-version":[{"id":74473,"href":"https:\/\/casafreitas.pt\/loja\/wp-json\/wp\/v2\/product\/74472\/revisions\/74473"}],"wp:featuredmedia":[{"embeddable":true,"href":"https:\/\/casafreitas.pt\/loja\/wp-json\/wp\/v2\/media\/74471"}],"wp:attachment":[{"href":"https:\/\/casafreitas.pt\/loja\/wp-json\/wp\/v2\/media?parent=74472"}],"wp:term":[{"taxonomy":"product_brand","embeddable":true,"href":"https:\/\/casafreitas.pt\/loja\/wp-json\/wp\/v2\/product_brand?post=74472"},{"taxonomy":"product_cat","embeddable":true,"href":"https:\/\/casafreitas.pt\/loja\/wp-json\/wp\/v2\/product_cat?post=74472"},{"taxonomy":"product_tag","embeddable":true,"href":"https:\/\/casafreitas.pt\/loja\/wp-json\/wp\/v2\/product_tag?post=74472"}],"curies":[{"name":"wp","href":"https:\/\/api.w.org\/{rel}","templated":true}]}}