{"id":74328,"date":"2025-09-24T11:45:47","date_gmt":"2025-09-24T11:45:47","guid":{"rendered":"https:\/\/casafreitas.pt\/loja\/produto\/churrasqueira-quadrada-com-suporte-para-frigideira-paella-50x75cm-imex-el-zorro\/"},"modified":"2025-10-24T00:36:43","modified_gmt":"2025-10-24T00:36:43","slug":"churrasqueira-quadrada-com-suporte-para-frigideira-paella-50x75cm-imex-el-zorro","status":"publish","type":"product","link":"https:\/\/casafreitas.pt\/loja\/produto\/churrasqueira-quadrada-com-suporte-para-frigideira-paella-50x75cm-imex-el-zorro\/","title":{"rendered":"Churrasqueira quadrada com suporte para frigideira &#8220;paella&#8221; 50x75cm imex el zorro"},"content":{"rendered":"","protected":false},"excerpt":{"rendered":"<p>Churrasqueira quadrada com suporte para frigideira &#8220;paella&#8221; 50x40x75cm (largura\/profundidade\/altura). com grelha zinco. adapt\u00e1vel aos queimadores de g\u00e1s. ferro pintado. apta para lenha e carv\u00e3o vegetal imex el zorro<\/p>\n","protected":false},"featured_media":74327,"comment_status":"open","ping_status":"closed","template":"","meta":[],"product_brand":[],"product_cat":[17829,18009],"product_tag":[],"class_list":{"0":"post-74328","1":"product","2":"type-product","3":"status-publish","4":"has-post-thumbnail","6":"product_cat-churrasqueiras-jardim-e-espaco-exterior","7":"product_cat-jardim-espaco-exterior","9":"first","10":"instock","11":"taxable","12":"shipping-taxable","13":"purchasable","14":"product-type-simple"},"_links":{"self":[{"href":"https:\/\/casafreitas.pt\/loja\/wp-json\/wp\/v2\/product\/74328","targetHints":{"allow":["GET"]}}],"collection":[{"href":"https:\/\/casafreitas.pt\/loja\/wp-json\/wp\/v2\/product"}],"about":[{"href":"https:\/\/casafreitas.pt\/loja\/wp-json\/wp\/v2\/types\/product"}],"replies":[{"embeddable":true,"href":"https:\/\/casafreitas.pt\/loja\/wp-json\/wp\/v2\/comments?post=74328"}],"version-history":[{"count":1,"href":"https:\/\/casafreitas.pt\/loja\/wp-json\/wp\/v2\/product\/74328\/revisions"}],"predecessor-version":[{"id":74329,"href":"https:\/\/casafreitas.pt\/loja\/wp-json\/wp\/v2\/product\/74328\/revisions\/74329"}],"wp:featuredmedia":[{"embeddable":true,"href":"https:\/\/casafreitas.pt\/loja\/wp-json\/wp\/v2\/media\/74327"}],"wp:attachment":[{"href":"https:\/\/casafreitas.pt\/loja\/wp-json\/wp\/v2\/media?parent=74328"}],"wp:term":[{"taxonomy":"product_brand","embeddable":true,"href":"https:\/\/casafreitas.pt\/loja\/wp-json\/wp\/v2\/product_brand?post=74328"},{"taxonomy":"product_cat","embeddable":true,"href":"https:\/\/casafreitas.pt\/loja\/wp-json\/wp\/v2\/product_cat?post=74328"},{"taxonomy":"product_tag","embeddable":true,"href":"https:\/\/casafreitas.pt\/loja\/wp-json\/wp\/v2\/product_tag?post=74328"}],"curies":[{"name":"wp","href":"https:\/\/api.w.org\/{rel}","templated":true}]}}