{"id":74193,"date":"2025-09-24T11:40:14","date_gmt":"2025-09-24T11:40:14","guid":{"rendered":"https:\/\/casafreitas.pt\/loja\/produto\/tapete-para-churrasco-40-x-30-cm\/"},"modified":"2025-10-24T00:36:37","modified_gmt":"2025-10-24T00:36:37","slug":"tapete-para-churrasco-40-x-30-cm","status":"publish","type":"product","link":"https:\/\/casafreitas.pt\/loja\/produto\/tapete-para-churrasco-40-x-30-cm\/","title":{"rendered":"Tapete para churrasco, 40 x 30 cm"},"content":{"rendered":"","protected":false},"excerpt":{"rendered":"<p>Antiaderente, reutiliz\u00e1vel e f\u00e1cil de limpar. n\u00e3o altera o sabor dos alimentos: mant\u00e9m-nos macios, suculentos e saborosos. multifuncional: ideal para utiliza\u00e7\u00e3o no forno, churrasqueiras, grelhadores e grelhas. ideal para marinados ou alimentos pequenos: n\u00e3o esgotam nem escorrem<\/p>\n","protected":false},"featured_media":74192,"comment_status":"open","ping_status":"closed","template":"","meta":[],"product_brand":[],"product_cat":[17830,18009],"product_tag":[],"class_list":{"0":"post-74193","1":"product","2":"type-product","3":"status-publish","4":"has-post-thumbnail","6":"product_cat-churrasqueiras-acessorios-jardim-e-espaco-exterior","7":"product_cat-jardim-espaco-exterior","9":"first","10":"instock","11":"taxable","12":"shipping-taxable","13":"purchasable","14":"product-type-simple"},"_links":{"self":[{"href":"https:\/\/casafreitas.pt\/loja\/wp-json\/wp\/v2\/product\/74193","targetHints":{"allow":["GET"]}}],"collection":[{"href":"https:\/\/casafreitas.pt\/loja\/wp-json\/wp\/v2\/product"}],"about":[{"href":"https:\/\/casafreitas.pt\/loja\/wp-json\/wp\/v2\/types\/product"}],"replies":[{"embeddable":true,"href":"https:\/\/casafreitas.pt\/loja\/wp-json\/wp\/v2\/comments?post=74193"}],"version-history":[{"count":1,"href":"https:\/\/casafreitas.pt\/loja\/wp-json\/wp\/v2\/product\/74193\/revisions"}],"predecessor-version":[{"id":74194,"href":"https:\/\/casafreitas.pt\/loja\/wp-json\/wp\/v2\/product\/74193\/revisions\/74194"}],"wp:featuredmedia":[{"embeddable":true,"href":"https:\/\/casafreitas.pt\/loja\/wp-json\/wp\/v2\/media\/74192"}],"wp:attachment":[{"href":"https:\/\/casafreitas.pt\/loja\/wp-json\/wp\/v2\/media?parent=74193"}],"wp:term":[{"taxonomy":"product_brand","embeddable":true,"href":"https:\/\/casafreitas.pt\/loja\/wp-json\/wp\/v2\/product_brand?post=74193"},{"taxonomy":"product_cat","embeddable":true,"href":"https:\/\/casafreitas.pt\/loja\/wp-json\/wp\/v2\/product_cat?post=74193"},{"taxonomy":"product_tag","embeddable":true,"href":"https:\/\/casafreitas.pt\/loja\/wp-json\/wp\/v2\/product_tag?post=74193"}],"curies":[{"name":"wp","href":"https:\/\/api.w.org\/{rel}","templated":true}]}}