{"id":74178,"date":"2025-09-24T11:39:35","date_gmt":"2025-09-24T11:39:35","guid":{"rendered":"https:\/\/casafreitas.pt\/loja\/produto\/churrasqueira-gas-lava-vulcanica-okfuego-4-kg\/"},"modified":"2025-10-24T00:36:37","modified_gmt":"2025-10-24T00:36:37","slug":"churrasqueira-gas-lava-vulcanica-okfuego-4-kg","status":"publish","type":"product","link":"https:\/\/casafreitas.pt\/loja\/produto\/churrasqueira-gas-lava-vulcanica-okfuego-4-kg\/","title":{"rendered":"Churrasqueira a g\u00e1s lava vulc\u00e2nica okfuego 4 kg"},"content":{"rendered":"","protected":false},"excerpt":{"rendered":"<p>Pedras de lava de alta qualidade para churrasqueiras a g\u00e1s. formato arredondado para f\u00e1cil manuseamento e lavagem posterior. s\u00e3o adequados tanto para churrascos dom\u00e9sticos como para grandes churrascos em restaurantes e churrasqueiras. quando aquecido, n\u00e3o libera fumo, n\u00e3o mancha as m\u00e3os durante a prepara\u00e7\u00e3o. as mesmas pedras de lava podem ser utilizadas v\u00e1rias vezes. a sua dura\u00e7\u00e3o varia dependendo da natureza do alimento a assar. saco de 4 kg<\/p>\n","protected":false},"featured_media":74177,"comment_status":"open","ping_status":"closed","template":"","meta":[],"product_brand":[],"product_cat":[12541,18009],"product_tag":[12401],"class_list":{"0":"post-74178","1":"product","2":"type-product","3":"status-publish","4":"has-post-thumbnail","6":"product_cat-acessorios-diversos","7":"product_cat-jardim-espaco-exterior","8":"product_tag-flower","10":"first","11":"instock","12":"taxable","13":"shipping-taxable","14":"purchasable","15":"product-type-simple"},"_links":{"self":[{"href":"https:\/\/casafreitas.pt\/loja\/wp-json\/wp\/v2\/product\/74178","targetHints":{"allow":["GET"]}}],"collection":[{"href":"https:\/\/casafreitas.pt\/loja\/wp-json\/wp\/v2\/product"}],"about":[{"href":"https:\/\/casafreitas.pt\/loja\/wp-json\/wp\/v2\/types\/product"}],"replies":[{"embeddable":true,"href":"https:\/\/casafreitas.pt\/loja\/wp-json\/wp\/v2\/comments?post=74178"}],"version-history":[{"count":1,"href":"https:\/\/casafreitas.pt\/loja\/wp-json\/wp\/v2\/product\/74178\/revisions"}],"predecessor-version":[{"id":74179,"href":"https:\/\/casafreitas.pt\/loja\/wp-json\/wp\/v2\/product\/74178\/revisions\/74179"}],"wp:featuredmedia":[{"embeddable":true,"href":"https:\/\/casafreitas.pt\/loja\/wp-json\/wp\/v2\/media\/74177"}],"wp:attachment":[{"href":"https:\/\/casafreitas.pt\/loja\/wp-json\/wp\/v2\/media?parent=74178"}],"wp:term":[{"taxonomy":"product_brand","embeddable":true,"href":"https:\/\/casafreitas.pt\/loja\/wp-json\/wp\/v2\/product_brand?post=74178"},{"taxonomy":"product_cat","embeddable":true,"href":"https:\/\/casafreitas.pt\/loja\/wp-json\/wp\/v2\/product_cat?post=74178"},{"taxonomy":"product_tag","embeddable":true,"href":"https:\/\/casafreitas.pt\/loja\/wp-json\/wp\/v2\/product_tag?post=74178"}],"curies":[{"name":"wp","href":"https:\/\/api.w.org\/{rel}","templated":true}]}}