{"id":74127,"date":"2025-09-24T11:37:24","date_gmt":"2025-09-24T11:37:24","guid":{"rendered":"https:\/\/casafreitas.pt\/loja\/produto\/rolo-polipropileno-25-m-15-pincas\/"},"modified":"2025-10-24T00:36:34","modified_gmt":"2025-10-24T00:36:34","slug":"rolo-polipropileno-25-m-15-pincas","status":"publish","type":"product","link":"https:\/\/casafreitas.pt\/loja\/produto\/rolo-polipropileno-25-m-15-pincas\/","title":{"rendered":"Rolo polipropileno 25 m + 15 pin\u00e7as"},"content":{"rendered":"","protected":false},"excerpt":{"rendered":"<p>Pack de cintas de polipropileno 25m + 15 alicates. \u00e9 utilizado para fixar todos os tipos de embalagem e s\u00e3o muito utilizados na paletiza\u00e7\u00e3o. \u00e9 comercializado na forma de bobina, depois de embalada a mercadoria \u00e9 fechada com fivelas.<\/p>\n","protected":false},"featured_media":74126,"comment_status":"open","ping_status":"closed","template":"","meta":[],"product_brand":[],"product_cat":[17782,18006],"product_tag":[],"class_list":{"0":"post-74127","1":"product","2":"type-product","3":"status-publish","4":"has-post-thumbnail","6":"product_cat-caixas-de-cartao-fitas-de-cintar-diversos-sazonais","7":"product_cat-diversos-sazonais","9":"first","10":"instock","11":"taxable","12":"shipping-taxable","13":"purchasable","14":"product-type-simple"},"_links":{"self":[{"href":"https:\/\/casafreitas.pt\/loja\/wp-json\/wp\/v2\/product\/74127","targetHints":{"allow":["GET"]}}],"collection":[{"href":"https:\/\/casafreitas.pt\/loja\/wp-json\/wp\/v2\/product"}],"about":[{"href":"https:\/\/casafreitas.pt\/loja\/wp-json\/wp\/v2\/types\/product"}],"replies":[{"embeddable":true,"href":"https:\/\/casafreitas.pt\/loja\/wp-json\/wp\/v2\/comments?post=74127"}],"version-history":[{"count":1,"href":"https:\/\/casafreitas.pt\/loja\/wp-json\/wp\/v2\/product\/74127\/revisions"}],"predecessor-version":[{"id":74128,"href":"https:\/\/casafreitas.pt\/loja\/wp-json\/wp\/v2\/product\/74127\/revisions\/74128"}],"wp:featuredmedia":[{"embeddable":true,"href":"https:\/\/casafreitas.pt\/loja\/wp-json\/wp\/v2\/media\/74126"}],"wp:attachment":[{"href":"https:\/\/casafreitas.pt\/loja\/wp-json\/wp\/v2\/media?parent=74127"}],"wp:term":[{"taxonomy":"product_brand","embeddable":true,"href":"https:\/\/casafreitas.pt\/loja\/wp-json\/wp\/v2\/product_brand?post=74127"},{"taxonomy":"product_cat","embeddable":true,"href":"https:\/\/casafreitas.pt\/loja\/wp-json\/wp\/v2\/product_cat?post=74127"},{"taxonomy":"product_tag","embeddable":true,"href":"https:\/\/casafreitas.pt\/loja\/wp-json\/wp\/v2\/product_tag?post=74127"}],"curies":[{"name":"wp","href":"https:\/\/api.w.org\/{rel}","templated":true}]}}